{"id":873,"date":"2024-02-06T10:44:53","date_gmt":"2024-02-06T10:44:53","guid":{"rendered":"https:\/\/time-to-run.fi\/crwp\/?page_id=873"},"modified":"2025-02-28T20:37:29","modified_gmt":"2025-02-28T18:37:29","slug":"tjm-taso-3-viikot-1-4","status":"publish","type":"page","link":"https:\/\/time-to-run.fi\/crwp\/tjm\/harjoitus\/tjm-taso-3-viikot-1-4\/","title":{"rendered":"TJM Taso 3 Viikot 1 \u2013 4"},"content":{"rendered":"<p>[et_pb_section fb_built=&#8221;1&#8243; admin_label=&#8221;section&#8221; _builder_version=&#8221;4.16&#8243; global_colors_info=&#8221;{}&#8221;][et_pb_row admin_label=&#8221;row&#8221; _builder_version=&#8221;4.16&#8243; background_size=&#8221;initial&#8221; background_position=&#8221;top_left&#8221; background_repeat=&#8221;repeat&#8221; global_colors_info=&#8221;{}&#8221;][et_pb_column type=&#8221;4_4&#8243; _builder_version=&#8221;4.16&#8243; custom_padding=&#8221;|||&#8221; global_colors_info=&#8221;{}&#8221; custom_padding__hover=&#8221;|||&#8221;][lwp_divi_breadcrumbs _builder_version=&#8221;4.21.0&#8243; _module_preset=&#8221;default&#8221; global_colors_info=&#8221;{}&#8221;][\/lwp_divi_breadcrumbs][\/et_pb_column][\/et_pb_row][et_pb_row column_structure=&#8221;3_5,2_5&#8243; _builder_version=&#8221;4.21.0&#8243; _module_preset=&#8221;default&#8221; global_colors_info=&#8221;{}&#8221;][et_pb_column type=&#8221;3_5&#8243; _builder_version=&#8221;4.21.0&#8243; _module_preset=&#8221;default&#8221; global_colors_info=&#8221;{}&#8221;][et_pb_image src=&#8221;https:\/\/time-to-run.fi\/crwp\/wp-content\/uploads\/sites\/4\/2025\/02\/taso3.1-4.jpg&#8221; alt=&#8221;puolimaratonohjelma&#8221; title_text=&#8221;taso3.1-4&#8243; _builder_version=&#8221;4.27.4&#8243; _module_preset=&#8221;default&#8221; hover_enabled=&#8221;0&#8243; global_colors_info=&#8221;{}&#8221; sticky_enabled=&#8221;0&#8243;][\/et_pb_image][\/et_pb_column][et_pb_column type=&#8221;2_5&#8243; _builder_version=&#8221;4.21.0&#8243; _module_preset=&#8221;default&#8221; global_colors_info=&#8221;{}&#8221;][et_pb_text _builder_version=&#8221;4.27.4&#8243; _module_preset=&#8221;default&#8221; global_colors_info=&#8221;{}&#8221;]<\/p>\n<p><a href=\"https:\/\/tuusulanjarvenmaraton.fi\/\" target=\"_blank\" rel=\"noopener\"><img data-recalc-dims=\"1\" loading=\"lazy\" decoding=\"async\" class=\"size-medium aligncenter\" src=\"https:\/\/i0.wp.com\/www.time-to-run.com\/ads\/images\/fi\/tjm\/TJM.2025.jpg?resize=300%2C300&#038;ssl=1\" alt=\"tuusulanj\u00e4rven maraton\" width=\"300\" height=\"300\" \/><\/a><\/p>\n<p>[\/et_pb_text][\/et_pb_column][\/et_pb_row][et_pb_row admin_label=&#8221;row&#8221; _builder_version=&#8221;4.16&#8243; background_size=&#8221;initial&#8221; background_position=&#8221;top_left&#8221; background_repeat=&#8221;repeat&#8221; global_colors_info=&#8221;{}&#8221;][et_pb_column type=&#8221;4_4&#8243; _builder_version=&#8221;4.16&#8243; custom_padding=&#8221;|||&#8221; global_colors_info=&#8221;{}&#8221; custom_padding__hover=&#8221;|||&#8221;][et_pb_text _builder_version=&#8221;4.27.4&#8243; _module_preset=&#8221;default&#8221; global_colors_info=&#8221;{}&#8221;]<\/p>\n<h3>Harjoittele kohti Tuusulanja\u0308rven puolimaratonia Time-to-Runin puolimaratonohjelmalla<\/h3>\n<h3>Taso 3 &#8211; viikot 1-4<\/h3>\n<p>&nbsp;<\/p>\n<p><b>TASO 3 <\/b>ohjelma on sinulle, jos tavoittelet 1 h 45 min &#8211; 2 h puolimaraton aikaa. Lyhyemm\u00e4n aikav\u00e4lin tavoitteena meill\u00e4 on sinulle kuitenkin 10 km, jonka perusteella voimme n\u00e4hd\u00e4 miten etenet tavoitteessasi. Jaa harjoittelu mieless\u00e4si 6 viikon sykleihin. Ensimm\u00e4isen syklin loppuun menness\u00e4 sinun pit\u00e4isi huomata selv\u00e4\u00e4 edistyst\u00e4.<\/p>\n<p>[\/et_pb_text][et_pb_text _builder_version=&#8221;4.27.4&#8243; _module_preset=&#8221;default&#8221; custom_padding=&#8221;0px||0px||false|false&#8221; global_colors_info=&#8221;{}&#8221;]<\/p>\n<h3>12 viikon harjoitusohjelma &#8211; Tuusulanja\u0308rven puolimaraton &#8211; Taso 3<\/h3>\n<p>[\/et_pb_text][\/et_pb_column][\/et_pb_row][et_pb_row admin_label=&#8221;row&#8221; _builder_version=&#8221;4.16&#8243; background_size=&#8221;initial&#8221; background_position=&#8221;top_left&#8221; background_repeat=&#8221;repeat&#8221; global_colors_info=&#8221;{}&#8221;][et_pb_column type=&#8221;4_4&#8243; _builder_version=&#8221;4.16&#8243; custom_padding=&#8221;|||&#8221; global_colors_info=&#8221;{}&#8221; custom_padding__hover=&#8221;|||&#8221;][et_pb_text _builder_version=&#8221;4.24.0&#8243; _module_preset=&#8221;default&#8221; global_colors_info=&#8221;{}&#8221;]<\/p>\n\n<table id=\"tablepress-24\" class=\"tablepress tablepress-id-24\">\n<thead>\n<tr class=\"row-1\">\n\t<th class=\"column-1\">P\u00e4iv\u00e4<\/th><th class=\"column-2\">Harjoitusviikot 1 - 4<\/th>\n<\/tr>\n<\/thead>\n<tbody class=\"row-striping row-hover\">\n<tr class=\"row-2\">\n\t<td class=\"column-1\">1<\/td><td class=\"column-2\">30-40 min kevyt juoksu<\/td>\n<\/tr>\n<tr class=\"row-3\">\n\t<td class=\"column-1\">2<\/td><td class=\"column-2\">30 min kevyt juoksu<\/td>\n<\/tr>\n<tr class=\"row-4\">\n\t<td class=\"column-1\">3<\/td><td class=\"column-2\">LEPO<\/td>\n<\/tr>\n<tr class=\"row-5\">\n\t<td class=\"column-1\">4<\/td><td class=\"column-2\">30-40 min kevyt juoksu<\/td>\n<\/tr>\n<tr class=\"row-6\">\n\t<td class=\"column-1\">5<\/td><td class=\"column-2\">LEPO<\/td>\n<\/tr>\n<tr class=\"row-7\">\n\t<td class=\"column-1\">6<\/td><td class=\"column-2\">40 min kevyt juoksu, josta viimeiset 10 min reippaampi tempo<\/td>\n<\/tr>\n<tr class=\"row-8\">\n\t<td class=\"column-1\">7<\/td><td class=\"column-2\">LEPO<\/td>\n<\/tr>\n<tr class=\"row-9\">\n\t<td class=\"column-1\"><\/td><td class=\"column-2\"><\/td>\n<\/tr>\n<tr class=\"row-10\">\n\t<td class=\"column-1\">8<\/td><td class=\"column-2\">20-30 min kevyt juoksu<\/td>\n<\/tr>\n<tr class=\"row-11\">\n\t<td class=\"column-1\">9<\/td><td class=\"column-2\">40 min kevyt juoksu, josta viimeiset 10 min reippaampi tempo<\/td>\n<\/tr>\n<tr class=\"row-12\">\n\t<td class=\"column-1\">10<\/td><td class=\"column-2\">LEPO<\/td>\n<\/tr>\n<tr class=\"row-13\">\n\t<td class=\"column-1\">11<\/td><td class=\"column-2\">5 km tempojuoksu<\/td>\n<\/tr>\n<tr class=\"row-14\">\n\t<td class=\"column-1\">12<\/td><td class=\"column-2\">LEPO<\/td>\n<\/tr>\n<tr class=\"row-15\">\n\t<td class=\"column-1\">13<\/td><td class=\"column-2\">50 min kevyt juoksu<\/td>\n<\/tr>\n<tr class=\"row-16\">\n\t<td class=\"column-1\">14<\/td><td class=\"column-2\">Aktiivinen palautus<\/td>\n<\/tr>\n<tr class=\"row-17\">\n\t<td class=\"column-1\"><\/td><td class=\"column-2\"><\/td>\n<\/tr>\n<tr class=\"row-18\">\n\t<td class=\"column-1\">15<\/td><td class=\"column-2\">20-30 min kevyt juoksu<\/td>\n<\/tr>\n<tr class=\"row-19\">\n\t<td class=\"column-1\">16<\/td><td class=\"column-2\">40 min kevyt juoksu, josta viimeiset 15 min reippaampi tempo<\/td>\n<\/tr>\n<tr class=\"row-20\">\n\t<td class=\"column-1\">17<\/td><td class=\"column-2\">LEPO<\/td>\n<\/tr>\n<tr class=\"row-21\">\n\t<td class=\"column-1\">18<\/td><td class=\"column-2\">20 min kevyt juoksu<\/td>\n<\/tr>\n<tr class=\"row-22\">\n\t<td class=\"column-1\">19<\/td><td class=\"column-2\">LEPO<\/td>\n<\/tr>\n<tr class=\"row-23\">\n\t<td class=\"column-1\">20<\/td><td class=\"column-2\">5 km tempojuoksu tai Parkrun<\/td>\n<\/tr>\n<tr class=\"row-24\">\n\t<td class=\"column-1\">21<\/td><td class=\"column-2\">20-30 min kevyt juoksu<\/td>\n<\/tr>\n<tr class=\"row-25\">\n\t<td class=\"column-1\"><\/td><td class=\"column-2\"><\/td>\n<\/tr>\n<tr class=\"row-26\">\n\t<td class=\"column-1\">22<\/td><td class=\"column-2\">LEPO<\/td>\n<\/tr>\n<tr class=\"row-27\">\n\t<td class=\"column-1\">23<\/td><td class=\"column-2\">40 min kevyt juoksu<\/td>\n<\/tr>\n<tr class=\"row-28\">\n\t<td class=\"column-1\">24<\/td><td class=\"column-2\">LEPO<\/td>\n<\/tr>\n<tr class=\"row-29\">\n\t<td class=\"column-1\">25<\/td><td class=\"column-2\">30-40 min kevyt juoksu<\/td>\n<\/tr>\n<tr class=\"row-30\">\n\t<td class=\"column-1\">26<\/td><td class=\"column-2\">LEPO<\/td>\n<\/tr>\n<tr class=\"row-31\">\n\t<td class=\"column-1\">27<\/td><td class=\"column-2\">1 h kevyt juoksu<\/td>\n<\/tr>\n<tr class=\"row-32\">\n\t<td class=\"column-1\">28<\/td><td class=\"column-2\">Aktiivinen palautus<\/td>\n<\/tr>\n<\/tbody>\n<tfoot>\n<tr class=\"row-33\">\n\t<td class=\"column-1\"><\/td><td class=\"column-2\"><\/td>\n<\/tr>\n<\/tfoot>\n<\/table>\n<!-- #tablepress-24 from cache -->\n<p>[\/et_pb_text][et_pb_text _builder_version=&#8221;4.24.0&#8243; _module_preset=&#8221;default&#8221; global_colors_info=&#8221;{}&#8221;]<\/p>\n<p>seuraava <a title=\"Tuusulanja\u0308rven puolimaraton \u2013 Taso 3 Viikot 5 \u2013 8\" href=\"https:\/\/time-to-run.fi\/crwp\/tjm\/harjoitus\/tjm-taso-3-viikot-5-8\/\" target=\"_blank\" rel=\"noopener\">Tuusulanja\u0308rven puolimaraton \u2013 Taso 3 Viikot 5 \u2013 8<\/a><\/p>\n<p>[\/et_pb_text][et_pb_text _builder_version=&#8221;4.27.4&#8243; _module_preset=&#8221;default&#8221; global_colors_info=&#8221;{}&#8221;]<\/p>\n<p><strong>OHJELMAN SELITYKSET\u00a0<\/strong><\/p>\n<p><b>Kevyt juoksu <\/b>\u2013 Ensimm\u00e4isen 3 viikon aikana tavoitteemme on saada sinut juoksemaan ilman vammoja. Suurin osa harjoituksista n\u00e4iden viikkojen aikana on kevytt\u00e4 juoksua. Kokemuksemme perusteella suurimman osan tulisi tehd\u00e4 kevyet juoksut sellaisella vauhdilla, ett\u00e4 <b>syke pysyy alle 140 ly\u00f6nti\u00e4 minuutissa<\/b>. Yrit\u00e4 pit\u00e4\u00e4 syke alle tuon 140, vaikka se olisi aluksi vaikeaa. Jos kahden viikon j\u00e4lkeenk\u00e4\u00e4n syke ei kevyell\u00e4 lenkill\u00e4 pysy alle 140, niin voit olla meihin yhteydess\u00e4 ja mietit\u00e4\u00e4n yhdess\u00e4 miten toimitaan.<\/p>\n<p><b>Tempojuoksu<\/b> &#8211; Tempojuoksu nostaa sykkeen mukavuusalueen ulkopuolelle ja hengitystiheys nousee niin, ett\u00e4 olet selv\u00e4sti heng\u00e4stynyt. Tempojuoksu aloitetaan mukavuusalueella ja vauhtia lis\u00e4t\u00e4\u00e4n asteittain juoksun edetess\u00e4. Onnistunut tempojuoksu on sellainen, ett\u00e4 vauhti kiihtyy viel\u00e4 loppuakin kohden, eik\u00e4 juoksun aikana tule t\u00e4ytt\u00e4 \u201chyytymist\u00e4\u201d.\u00a0 Yleisen\u00e4 s\u00e4\u00e4nt\u00f6n\u00e4 voisi sanoa, ett\u00e4 tempojuoksu juostaan 150 &#8211; 160 sykkeen v\u00e4lill\u00e4, 160 ollen jo sielt\u00e4 maksimi p\u00e4\u00e4st\u00e4.<\/p>\n<p><b>LEPO = ei liikuntaa <\/b>\u2013 Huomioi, ett\u00e4 kehittyess\u00e4si voit lepop\u00e4ivin\u00e4 harkita <a href=\"https:\/\/www.time-to-run.com\/suomi\/voimaharjoittelu\">voimaharjoituksia<\/a> yl\u00e4vartalolle ja koko kehon venyttely\u00e4 palautumisen edist\u00e4miseksi.<\/p>\n<p><b>Aktiivinen palautus<\/b> &#8211; N\u00e4in\u00e4 p\u00e4ivin\u00e4 on tarkoitus tehd\u00e4 ei painoasi kantavaa liikuntaa palautukseen. Jos olet kokenut py\u00f6r\u00e4ilij\u00e4, voit k\u00e4ytt\u00e4\u00e4 py\u00f6r\u00e4ily\u00e4 aktiiviseen palautukseen. Py\u00f6r\u00e4ilyll\u00e4 voi kuitenkin olla p\u00e4invastainen vaikutus juoksuun, jos kaikki ei ole kunnossa satulan korkeuden, ajoasennon, vastuksen, yms. suhteen. Aktiivisen palautuksen aikana on tarkoitus palautua, joten esim. uinti on usein parempi vaihtoehto.<\/p>\n<p><b>Parkrun<\/b> &#8211; Ilmainen, yhteis\u00f6llinen tapahtuma, jossa voi k\u00e4vell\u00e4, h\u00f6lk\u00e4t\u00e4 tai juosta. Matka on aina 5 km ja tapahtuma j\u00e4rjestet\u00e4\u00e4n joka lauantaiaamu. Tapahtuma on ilmainen ja sinun t\u00e4ytyy vain rekister\u00f6ity\u00e4 kerran. Suomessa on t\u00e4ll\u00e4 hetkell\u00e4 7 parkrun -tapahtumaa ja voit osallistua mihin tahansa tapahtumaan. Tapahtumat l\u00f6ytyv\u00e4t paikoista Helsinki, Espoo, Lahti, V\u00e4\u00e4ksy, Tampere, Jyv\u00e4skyl\u00e4 ja Oulu. Lis\u00e4\u00e4 tietoa ja rekister\u00f6ityminen <a href=\"http:\/\/www.parkrun.fi\">www.parkrun.fi<\/a><\/p>\n<p>[\/et_pb_text][et_pb_text _builder_version=&#8221;4.27.4&#8243; _module_preset=&#8221;default&#8221; global_colors_info=&#8221;{}&#8221;]<\/p>\n<p><img data-recalc-dims=\"1\" loading=\"lazy\" decoding=\"async\" class=\"wp-image-261 alignnone size-full\" src=\"https:\/\/i0.wp.com\/time-to-run.fi\/crwp\/wp-content\/uploads\/sites\/4\/2023\/06\/pdf-file-130-e1687186628649.png?resize=30%2C30&#038;ssl=1\" alt=\"pdf file\" width=\"30\" height=\"30\" \/> <a href=\"https:\/\/time-to-run.fi\/crwp\/wp-content\/uploads\/sites\/4\/2025\/02\/Tuusulanja\u0308rven-maraton-taso-3.pdf\" rel=\"attachment wp-att-1495\">Tuusulanja\u0308rven puolimaratonohjelma &#8211; taso 3<\/a><\/p>\n<p>[\/et_pb_text][\/et_pb_column][\/et_pb_row][\/et_pb_section]<\/p>\n","protected":false},"excerpt":{"rendered":"<p><div class=\"et_pb_module lwp_divi_breadcrumbs lwp_divi_breadcrumbs_0\">\n\t\t\t\t\n\t\t\t\t\n\t\t\t\t\n\t\t\t\t\n\t\t\t\t\n\t\t\t\t\n\t\t\t\t<div class=\"et_pb_module_inner\">\n\t\t\t\t\t<div class=\"lwp-breadcrumbs\"> <span class=\"before\"><\/span> <span vocab=\"https:\/\/schema.org\/\" typeof=\"BreadcrumbList\"><span property=\"itemListElement\" typeof=\"ListItem\"><a property=\"item\" typeof=\"WebPage\" href=\"https:\/\/time-to-run.fi\/crwp\/\" class=\"home\"><span property=\"name\">Home<\/span><\/a><meta property=\"position\" content=\"1\"><\/span> <span class=\"separator et-pb-icon\">&#x39;<\/span> <\/span><\/div>\n\t\t\t\t<\/div>\n\t\t\t<\/div>Harjoittele kohti Tuusulanja\u0308rven puolimaratonia Time-to-Runin puolimaratonohjelmalla Taso 3 &#8211; viikot 1-4 &nbsp; TASO 3 ohjelma on sinulle, jos tavoittelet 1 h 45 min &#8211; 2 h puolimaraton aikaa. Lyhyemm\u00e4n aikav\u00e4lin tavoitteena meill\u00e4 on sinulle kuitenkin 10 km, jonka perusteella voimme n\u00e4hd\u00e4 miten etenet tavoitteessasi. Jaa harjoittelu mieless\u00e4si 6 viikon sykleihin. Ensimm\u00e4isen syklin [&hellip;]<\/p>\n","protected":false},"author":1,"featured_media":0,"parent":0,"menu_order":0,"comment_status":"closed","ping_status":"closed","template":"","meta":{"_et_pb_use_builder":"on","_et_pb_old_content":"","_et_gb_content_width":"","advanced_seo_description":"","jetpack_seo_html_title":"","jetpack_seo_noindex":false,"footnotes":""},"categories":[21,20],"tags":[5,22],"class_list":["post-873","page","type-page","status-publish","hentry","category-tjmharjoitus","category-tjm","tag-puolimaratonohjelma","tag-tuusulanjarven"],"jetpack-related-posts":[],"_links":{"self":[{"href":"https:\/\/time-to-run.fi\/crwp\/wp-json\/wp\/v2\/pages\/873","targetHints":{"allow":["GET"]}}],"collection":[{"href":"https:\/\/time-to-run.fi\/crwp\/wp-json\/wp\/v2\/pages"}],"about":[{"href":"https:\/\/time-to-run.fi\/crwp\/wp-json\/wp\/v2\/types\/page"}],"author":[{"embeddable":true,"href":"https:\/\/time-to-run.fi\/crwp\/wp-json\/wp\/v2\/users\/1"}],"replies":[{"embeddable":true,"href":"https:\/\/time-to-run.fi\/crwp\/wp-json\/wp\/v2\/comments?post=873"}],"version-history":[{"count":20,"href":"https:\/\/time-to-run.fi\/crwp\/wp-json\/wp\/v2\/pages\/873\/revisions"}],"predecessor-version":[{"id":1601,"href":"https:\/\/time-to-run.fi\/crwp\/wp-json\/wp\/v2\/pages\/873\/revisions\/1601"}],"wp:attachment":[{"href":"https:\/\/time-to-run.fi\/crwp\/wp-json\/wp\/v2\/media?parent=873"}],"wp:term":[{"taxonomy":"category","embeddable":true,"href":"https:\/\/time-to-run.fi\/crwp\/wp-json\/wp\/v2\/categories?post=873"},{"taxonomy":"post_tag","embeddable":true,"href":"https:\/\/time-to-run.fi\/crwp\/wp-json\/wp\/v2\/tags?post=873"}],"curies":[{"name":"wp","href":"https:\/\/api.w.org\/{rel}","templated":true}]}}