{"id":743,"date":"2024-02-05T18:07:53","date_gmt":"2024-02-05T18:07:53","guid":{"rendered":"https:\/\/time-to-run.fi\/crwp\/?page_id=743"},"modified":"2025-02-28T20:11:04","modified_gmt":"2025-02-28T18:11:04","slug":"tusuulanjarven-maraton-puolimaraton-ohjelmat","status":"publish","type":"page","link":"https:\/\/time-to-run.fi\/crwp\/tjm\/tjm-puolimaraton-ohjelmat\/","title":{"rendered":"Tusuulanj\u00e4rven Maraton puolimaraton ohjelmat"},"content":{"rendered":"<p>[et_pb_section fb_built=&#8221;1&#8243; admin_label=&#8221;section&#8221; _builder_version=&#8221;4.21.0&#8243; global_colors_info=&#8221;{}&#8221;][et_pb_row column_structure=&#8221;3_5,2_5&#8243; _builder_version=&#8221;4.27.4&#8243; _module_preset=&#8221;default&#8221; global_colors_info=&#8221;{}&#8221;][et_pb_column type=&#8221;3_5&#8243; _builder_version=&#8221;4.27.4&#8243; _module_preset=&#8221;default&#8221; global_colors_info=&#8221;{}&#8221;][et_pb_text _builder_version=&#8221;4.27.4&#8243; _module_preset=&#8221;default&#8221; hover_enabled=&#8221;0&#8243; global_colors_info=&#8221;{}&#8221; sticky_enabled=&#8221;0&#8243;]<\/p>\n<p><img data-recalc-dims=\"1\" loading=\"lazy\" decoding=\"async\" class=\"wp-image-1580 aligncenter size-full\" src=\"https:\/\/i0.wp.com\/time-to-run.fi\/crwp\/wp-content\/uploads\/sites\/4\/2025\/02\/ohjelmat.jpg?resize=800%2C450&#038;ssl=1\" alt=\"puolimaratonohjelmat\" width=\"800\" height=\"450\" srcset=\"https:\/\/time-to-run.fi\/crwp\/wp-content\/uploads\/sites\/4\/2025\/02\/ohjelmat.jpg 800w, https:\/\/time-to-run.fi\/crwp\/wp-content\/uploads\/sites\/4\/2025\/02\/ohjelmat-480x270.jpg 480w\" sizes=\"(min-width: 0px) and (max-width: 480px) 480px, (min-width: 481px) 800px, 100vw\" \/><\/p>\n<p>[\/et_pb_text][\/et_pb_column][et_pb_column type=&#8221;2_5&#8243; _builder_version=&#8221;4.27.4&#8243; _module_preset=&#8221;default&#8221; global_colors_info=&#8221;{}&#8221;][et_pb_text _builder_version=&#8221;4.27.4&#8243; _module_preset=&#8221;default&#8221; global_colors_info=&#8221;{}&#8221;]<a href=\"https:\/\/tuusulanjarvenmaraton.fi\/\" target=\"_blank\" rel=\"noopener\"><img data-recalc-dims=\"1\" loading=\"lazy\" decoding=\"async\" class=\"size-medium aligncenter\" src=\"https:\/\/i0.wp.com\/www.time-to-run.com\/ads\/images\/fi\/tjm\/TJM.2025.jpg?resize=300%2C300&#038;ssl=1\" alt=\"tuusulanj\u00e4rven maraton\" width=\"300\" height=\"300\" \/><\/a>[\/et_pb_text][\/et_pb_column][\/et_pb_row][et_pb_row admin_label=&#8221;row&#8221; _builder_version=&#8221;4.16&#8243; background_size=&#8221;initial&#8221; background_position=&#8221;top_left&#8221; background_repeat=&#8221;repeat&#8221; global_colors_info=&#8221;{}&#8221;][et_pb_column type=&#8221;4_4&#8243; _builder_version=&#8221;4.16&#8243; custom_padding=&#8221;|||&#8221; global_colors_info=&#8221;{}&#8221; custom_padding__hover=&#8221;|||&#8221;][et_pb_text admin_label=&#8221;Text&#8221; _builder_version=&#8221;4.27.4&#8243; background_size=&#8221;initial&#8221; background_position=&#8221;top_left&#8221; background_repeat=&#8221;repeat&#8221; global_colors_info=&#8221;{}&#8221;]<\/p>\n<h3>Tuusulanja\u0308rven\u00a0 puolimaratonohjelmat<\/h3>\n<p>Olemme suunnitelleet 12 viikon puolimaraton ohjelmat, joiden avulla valmistaudut kohti Tuusulanja\u0308rven puolimaratonia.<!--more--><\/p>\n<p>Ohjelmat on jaettu kolmeen eri tasoon. Valitse jokin seuraavista ohjelmista omien tavoitteidesi mukaan.<\/p>\n<p><strong>Taso 1<\/strong> jos tavoitteesi on p\u00e4\u00e4st\u00e4 puolimaraton maaliin ilman aikatavoitetta k\u00e4vellen ja\/tai juosten.<\/p>\n<p><strong>Taso 2<\/strong> jos tavoitteesi on juosta puolimaraton matka kokonaisuudessaan.<\/p>\n<p><strong>Taso 3<\/strong> jos tavoittelet 1 h 45 min &#8211; 2 h puolimaraton aikaa.<\/p>\n<p><strong>T\u00e4ss\u00e4 linkit Tuusulanja\u0308rven puolimaraton ohjelmiin<\/strong><\/p>\n<p><a href=\"https:\/\/time-to-run.fi\/crwp\/tjm\/harjoitus\/tjm-taso-1-viikot-1-4\/\">Taso 1 \u2013 Tuusulanja\u0308rven puolimaratonohjelma<\/a><\/p>\n<p><a href=\"https:\/\/time-to-run.fi\/crwp\/tjm\/harjoitus\/tjm-taso-2-viikot-1-4\/\" target=\"_blank\" rel=\"noopener\">Taso 2 \u2013 Tuusulanja\u0308rven puolimaratonohjelma<\/a><\/p>\n<p><a href=\"https:\/\/time-to-run.fi\/crwp\/tjm\/harjoitus\/tjm-taso-3-viikot-1-4\/\" target=\"_blank\" rel=\"noopener\">Taso 3 \u2013 Tuusulanja\u0308rven puolimaratonohjelma<\/a><\/p>\n<p>[\/et_pb_text][\/et_pb_column][\/et_pb_row][\/et_pb_section]<\/p>\n","protected":false},"excerpt":{"rendered":"<p>Tuusulanja\u0308rven\u00a0 puolimaratonohjelmat Olemme suunnitelleet 12 viikon puolimaraton ohjelmat, joiden avulla valmistaudut kohti Tuusulanja\u0308rven puolimaratonia. Ohjelmat on jaettu kolmeen eri tasoon. Valitse jokin seuraavista ohjelmista omien tavoitteidesi mukaan. Taso 1 jos tavoitteesi on p\u00e4\u00e4st\u00e4 puolimaraton maaliin ilman aikatavoitetta k\u00e4vellen ja\/tai juosten. Taso 2 jos tavoitteesi on juosta puolimaraton matka kokonaisuudessaan. Taso 3 jos tavoittelet 1 h [&hellip;]<\/p>\n","protected":false},"author":1,"featured_media":0,"parent":0,"menu_order":0,"comment_status":"closed","ping_status":"closed","template":"","meta":{"_et_pb_use_builder":"on","_et_pb_old_content":"<img class=\"alignnone wp-image-210\" src=\"https:\/\/time-to-run.fi\/crwp\/wp-content\/uploads\/sites\/4\/2023\/06\/tallinna-taso-1-4.png\" alt=\"tallinna puolimaraton ohjelmat taso-1-4\" width=\"600\" height=\"400\" \/>\r\n\r\nTallinna Maraton tapahtuma \u2013 Olemme kehitt\u00e4neet 12 viikon puolimaraton ohjelmat, jotka auttavat sinua harjoittelemaan kohti syyskuun Tallinnan puolimaratonia.<!--more-->\r\n<h3>Tallinnan puolimaraton harjoitusohjelma<\/h3>\r\nOhjelmat on jaettu nelj\u00e4\u00e4n eri tasoon. Valitse jokin seuraavista ohjelmista omien tavoitteiden mukaan.\r\n\r\nTaso 1 jos tavoitteesi on p\u00e4\u00e4st\u00e4 puolimaraton maaliin ilman aikatavoitetta k\u00e4vellen ja\/tai juosten.\r\n\r\nTaso 2 jos tavoitteesi on juosta puolimaraton matka kokonaisuudessaan.\r\n\r\nTaso 3 jos tavoittelet 1 h 45 min - 2 h puolimaraton aikaa.\r\n\r\nTaso 4 on kokeneille juoksijoille, jotka tavoittelevat tietty\u00e4 aikaa puolimaratonilla.\r\n\r\n<strong>T\u00e4ss\u00e4 linkit Tallinnan puolimaraton ohjelmiin<\/strong>\r\n\r\n<a href=\"https:\/\/time-to-run.fi\/crwp\/tallinna\/harjoitus\/taso-1-viikot-1-4\/\">Taso 1 \u2013 Tallinnan puolimaraton ohjelma<\/a>\r\n\r\n<a href=\"https:\/\/time-to-run.fi\/crwp\/tallinna\/harjoitus\/taso-2-viikot-1-4\/\" target=\"_blank\" rel=\"noopener\">Taso 2 \u2013 Tallinnan puolimaraton ohjelma<\/a>\r\n\r\n<a href=\"https:\/\/time-to-run.fi\/crwp\/tallinna\/harjoitus\/taso-3-viikot-1-4\/\" target=\"_blank\" rel=\"noopener\">Taso 3 \u2013 Tallinnan puolimaraton ohjelma<\/a>\r\n\r\n<a href=\"https:\/\/time-to-run.fi\/crwp\/tallinna\/harjoitus\/taso-4-viikot-1-4\/\" target=\"_blank\" rel=\"noopener\">Taso 4 \u2013 Tallinnan puolimaraton ohjelma<\/a>\r\n<div id=\"simple-translate\" class=\"simple-translate-system-theme\">\r\n<div>\r\n<div class=\"simple-translate-button isShow\" style=\"background-image: url('moz-extension:\/\/229bb2e3-9034-45fc-b323-e35b19a8949d\/icons\/512.png'); height: 22px; width: 22px; top: 1125px; left: 24px;\"><\/div>\r\n<div class=\"simple-translate-panel \" style=\"width: 300px; height: 200px; top: 0px; left: 0px; font-size: 13px;\">\r\n<div class=\"simple-translate-result-wrapper\" style=\"overflow: hidden;\">\r\n<div class=\"simple-translate-move\" draggable=\"true\"><\/div>\r\n<div class=\"simple-translate-result-contents\">\r\n<p class=\"simple-translate-result\" dir=\"auto\"><\/p>\r\n<p class=\"simple-translate-candidate\" dir=\"auto\"><\/p>\r\n\r\n<\/div>\r\n<\/div>\r\n<\/div>\r\n<\/div>\r\n<\/div>","_et_gb_content_width":"","advanced_seo_description":"","jetpack_seo_html_title":"","jetpack_seo_noindex":false,"footnotes":""},"categories":[21,20],"tags":[8,7],"class_list":["post-743","page","type-page","status-publish","hentry","category-tjmharjoitus","category-tjm","tag-harjoitusohjelma","tag-tallinnan-puolimaraton"],"jetpack-related-posts":[],"_links":{"self":[{"href":"https:\/\/time-to-run.fi\/crwp\/wp-json\/wp\/v2\/pages\/743","targetHints":{"allow":["GET"]}}],"collection":[{"href":"https:\/\/time-to-run.fi\/crwp\/wp-json\/wp\/v2\/pages"}],"about":[{"href":"https:\/\/time-to-run.fi\/crwp\/wp-json\/wp\/v2\/types\/page"}],"author":[{"embeddable":true,"href":"https:\/\/time-to-run.fi\/crwp\/wp-json\/wp\/v2\/users\/1"}],"replies":[{"embeddable":true,"href":"https:\/\/time-to-run.fi\/crwp\/wp-json\/wp\/v2\/comments?post=743"}],"version-history":[{"count":27,"href":"https:\/\/time-to-run.fi\/crwp\/wp-json\/wp\/v2\/pages\/743\/revisions"}],"predecessor-version":[{"id":1581,"href":"https:\/\/time-to-run.fi\/crwp\/wp-json\/wp\/v2\/pages\/743\/revisions\/1581"}],"wp:attachment":[{"href":"https:\/\/time-to-run.fi\/crwp\/wp-json\/wp\/v2\/media?parent=743"}],"wp:term":[{"taxonomy":"category","embeddable":true,"href":"https:\/\/time-to-run.fi\/crwp\/wp-json\/wp\/v2\/categories?post=743"},{"taxonomy":"post_tag","embeddable":true,"href":"https:\/\/time-to-run.fi\/crwp\/wp-json\/wp\/v2\/tags?post=743"}],"curies":[{"name":"wp","href":"https:\/\/api.w.org\/{rel}","templated":true}]}}