{"id":5,"date":"2023-05-04T11:39:04","date_gmt":"2023-05-04T10:39:04","guid":{"rendered":"https:\/\/time-to-run.fi\/cwrp\/?page_id=5"},"modified":"2025-06-22T14:50:41","modified_gmt":"2025-06-22T11:50:41","slug":"homepage","status":"publish","type":"page","link":"https:\/\/time-to-run.fi\/crwp\/","title":{"rendered":"Come Run With Piia"},"content":{"rendered":"<p>[et_pb_section fb_built=&#8221;1&#8243; admin_label=&#8221;Header&#8221; _builder_version=&#8221;4.21.0&#8243; _module_preset=&#8221;default&#8221; background_image=&#8221;https:\/\/time-to-run.fi\/crwp\/wp-content\/uploads\/sites\/4\/2023\/06\/bg-crwp.jpg&#8221; parallax=&#8221;on&#8221; custom_padding=&#8221;||20vw||false|false&#8221; collapsed=&#8221;on&#8221; global_colors_info=&#8221;{}&#8221;][et_pb_row _builder_version=&#8221;4.21.0&#8243; _module_preset=&#8221;default&#8221; global_colors_info=&#8221;{}&#8221;][et_pb_column type=&#8221;4_4&#8243; _builder_version=&#8221;4.17.6&#8243; _module_preset=&#8221;default&#8221; global_colors_info=&#8221;{}&#8221;][et_pb_text _builder_version=&#8221;4.21.0&#8243; _module_preset=&#8221;c16985e1-e0d6-4022-964d-e2bfc04fa633&#8243; header_font=&#8221;Anton|||on|||||&#8221; header_text_color=&#8221;#0d232d&#8221; header_font_size=&#8221;100px&#8221; header_line_height=&#8221;1.15em&#8221; header_font_size_tablet=&#8221;40px&#8221; header_font_size_phone=&#8221;24px&#8221; header_font_size_last_edited=&#8221;on|desktop&#8221; global_colors_info=&#8221;{}&#8221;]<\/p>\n<h1><span style=\"color: #ffffff;\">Come run with Piia<\/span><\/h1>\n<p>[\/et_pb_text][et_pb_button button_url=&#8221;https:\/\/time-to-run.fi\/crwp\/tjm\/tjm-puolimaraton-ohjelmat\/&#8221; url_new_window=&#8221;on&#8221; button_text=&#8221;ohjelmat&#8221; _builder_version=&#8221;4.24.0&#8243; _module_preset=&#8221;31b4f027-aaa0-4f2f-ae02-959764e19e4f&#8221; custom_button=&#8221;on&#8221; button_text_size=&#8221;12px&#8221; button_text_color=&#8221;#FFFFFF&#8221; button_bg_color=&#8221;#0d232d&#8221; button_border_width=&#8221;0px&#8221; button_border_radius=&#8221;0px&#8221; button_letter_spacing=&#8221;0.5em&#8221; button_font=&#8221;Open Sans|700||on|||||&#8221; custom_padding=&#8221;16px|24px|16px|24px|true|true&#8221; global_colors_info=&#8221;{}&#8221;][\/et_pb_button][\/et_pb_column][\/et_pb_row][\/et_pb_section][et_pb_section fb_built=&#8221;1&#8243; admin_label=&#8221;Services&#8221; _builder_version=&#8221;4.27.4&#8243; _module_preset=&#8221;default&#8221; background_color=&#8221;#F3EEE8&#8243; collapsed=&#8221;off&#8221; global_colors_info=&#8221;{}&#8221;][et_pb_row column_structure=&#8221;1_2,1_2&#8243; custom_padding_last_edited=&#8221;on|desktop&#8221; _builder_version=&#8221;4.24.0&#8243; _module_preset=&#8221;default&#8221; background_color=&#8221;#005ca1&#8243; custom_margin=&#8221;-10vw||||false|false&#8221; custom_padding=&#8221;|30px||30px|false|true&#8221; custom_padding_tablet=&#8221;|30px||30px|false|true&#8221; custom_padding_phone=&#8221;0px|20px||20px|false|true&#8221; global_colors_info=&#8221;{}&#8221;][et_pb_column type=&#8221;1_2&#8243; _builder_version=&#8221;4.17.6&#8243; _module_preset=&#8221;default&#8221; custom_padding=&#8221;||||false|false&#8221; global_colors_info=&#8221;{}&#8221;][et_pb_text admin_label=&#8221;Text&#8221; _builder_version=&#8221;4.24.0&#8243; _module_preset=&#8221;b327cbe4-b1d5-4b66-ad37-40c8f2f061ba&#8221; text_text_color=&#8221;#ae8f73&#8243; header_2_font=&#8221;Anton|||on|||||&#8221; header_2_text_color=&#8221;#AE8F73&#8243; header_2_font_size=&#8221;70px&#8221; header_2_line_height=&#8221;1.15em&#8221; custom_margin=&#8221;||||false|false&#8221; header_2_font_size_tablet=&#8221;32px&#8221; header_2_font_size_phone=&#8221;20px&#8221; header_2_font_size_last_edited=&#8221;on|phone&#8221; global_colors_info=&#8221;{}&#8221;]<\/p>\n<h2><span style=\"color: #ffffff;\">Tuusulanj\u00e4rven Maraton 2025<\/span><\/h2>\n<h4><strong><span style=\"color: #ae8f73;\">La 26. huhtikuuta<\/span><\/strong><\/h4>\n<p>[\/et_pb_text][et_pb_text _builder_version=&#8221;4.24.0&#8243; _module_preset=&#8221;b327cbe4-b1d5-4b66-ad37-40c8f2f061ba&#8221; header_2_font=&#8221;Anton|||on|||||&#8221; header_2_text_color=&#8221;#AE8F73&#8243; header_2_font_size=&#8221;70px&#8221; header_2_line_height=&#8221;1.15em&#8221; custom_margin=&#8221;||||false|false&#8221; header_2_font_size_tablet=&#8221;32px&#8221; header_2_font_size_phone=&#8221;20px&#8221; header_2_font_size_last_edited=&#8221;on|phone&#8221; global_colors_info=&#8221;{}&#8221;][\/et_pb_text][\/et_pb_column][et_pb_column type=&#8221;1_2&#8243; _builder_version=&#8221;4.17.6&#8243; _module_preset=&#8221;default&#8221; global_colors_info=&#8221;{}&#8221;][et_pb_text _builder_version=&#8221;4.24.0&#8243; _module_preset=&#8221;aaa7c440-590a-4078-ae0c-0f3c699ac51c&#8221; header_font=&#8221;||||||||&#8221; header_3_font=&#8221;Anton|||on|||||&#8221; header_3_text_color=&#8221;#FFFFFF&#8221; header_3_font_size=&#8221;35px&#8221; header_3_line_height=&#8221;1.3em&#8221; custom_margin=&#8221;||||false|false&#8221; header_3_font_size_tablet=&#8221;20px&#8221; header_3_font_size_phone=&#8221;16px&#8221; header_3_font_size_last_edited=&#8221;on|phone&#8221; global_colors_info=&#8221;{}&#8221;]<\/p>\n<h3>Puolimaraton ohjelma<\/h3>\n<h3>Tasot 1-3<\/h3>\n<p>&nbsp;<\/p>\n<p>[\/et_pb_text][et_pb_button button_url=&#8221;https:\/\/time-to-run.fi\/crwp\/tjm\/tjm-puolimaraton-ohjelmat\/&#8221; url_new_window=&#8221;on&#8221; button_text=&#8221;n\u00e4yt\u00e4 lis\u00e4\u00e4&#8221; _builder_version=&#8221;4.24.0&#8243; _module_preset=&#8221;3117bc07-6a8a-4679-b3bb-b6ed74b48a2f&#8221; custom_button=&#8221;on&#8221; button_text_size=&#8221;12px&#8221; button_text_color=&#8221;#FFFFFF&#8221; button_bg_color=&#8221;#AE8F73&#8243; button_border_width=&#8221;0px&#8221; button_border_radius=&#8221;0px&#8221; button_letter_spacing=&#8221;0.5em&#8221; button_font=&#8221;Open Sans|700||on|||||&#8221; custom_padding=&#8221;16px|24px|16px|24px|true|true&#8221; global_colors_info=&#8221;{}&#8221;][\/et_pb_button][\/et_pb_column][\/et_pb_row][et_pb_row column_structure=&#8221;1_3,1_3,1_3&#8243; _builder_version=&#8221;4.24.0&#8243; _module_preset=&#8221;default&#8221; background_color=&#8221;#005ca1&#8243; global_colors_info=&#8221;{}&#8221;][et_pb_column type=&#8221;1_3&#8243; _builder_version=&#8221;4.24.0&#8243; _module_preset=&#8221;default&#8221; global_colors_info=&#8221;{}&#8221;][et_pb_blurb title=&#8221;Taso 1&#8243; url=&#8221;https:\/\/time-to-run.fi\/crwp\/tjm\/harjoitus\/tjm-taso-1-viikot-1-4\/&#8221; url_new_window=&#8221;on&#8221; image=&#8221;https:\/\/time-to-run.fi\/crwp\/wp-content\/uploads\/sites\/4\/2024\/02\/1.tjm_.jpg&#8221; alt=&#8221;Tusuulanj\u00e4rven Puoli-Maraton ohjelma taso 1&#8243; icon_placement=&#8221;left&#8221; image_icon_width=&#8221;100px&#8221; content_max_width=&#8221;100%&#8221; image_icon_width_tablet=&#8221;120px&#8221; image_icon_width_phone=&#8221;80px&#8221; image_icon_width_last_edited=&#8221;on|phone&#8221; _builder_version=&#8221;4.24.0&#8243; _module_preset=&#8221;4d778d3d-b21d-4b19-8130-9b91c3e01747&#8243; header_font=&#8221;Roboto Condensed|700||on|||||&#8221; header_text_color=&#8221;#FFFFFF&#8221; header_font_size=&#8221;16px&#8221; header_line_height=&#8221;1.4em&#8221; body_font=&#8221;Raleway|500|||||||&#8221; body_text_color=&#8221;#FFFFFF&#8221; body_line_height=&#8221;1.65em&#8221; custom_margin=&#8221;|||8px|false|false&#8221; custom_padding=&#8221;|||8px|false|false&#8221; animation=&#8221;off&#8221; link_option_url=&#8221;https:\/\/time-to-run.fi\/crwp\/tjm\/harjoitus\/tjm-taso-1-viikot-1-4\/&#8221; link_option_url_new_window=&#8221;on&#8221; header_font_size_tablet=&#8221;16px&#8221; header_font_size_phone=&#8221;14px&#8221; header_font_size_last_edited=&#8221;on|phone&#8221; locked=&#8221;off&#8221; global_colors_info=&#8221;{}&#8221;]<\/p>\n<p style=\"text-align: left;\">Tuusulanj\u00e4rven<br \/>puolimaratonohjelma<br \/>taso 1<\/p>\n<p>[\/et_pb_blurb][\/et_pb_column][et_pb_column type=&#8221;1_3&#8243; _builder_version=&#8221;4.24.0&#8243; _module_preset=&#8221;default&#8221; global_colors_info=&#8221;{}&#8221;][et_pb_blurb title=&#8221;Taso 2&#8243; url=&#8221;https:\/\/time-to-run.fi\/crwp\/tjm\/harjoitus\/tjm-taso-2-viikot-1-4\/&#8221; url_new_window=&#8221;on&#8221; image=&#8221;https:\/\/time-to-run.fi\/crwp\/wp-content\/uploads\/sites\/4\/2024\/02\/tjm.2.24.jpg&#8221; alt=&#8221;Tuusulanj\u00e4rven Puoli-Maraton ohjelma taso 2&#8243; icon_placement=&#8221;left&#8221; image_icon_width=&#8221;100px&#8221; content_max_width=&#8221;100%&#8221; image_icon_width_tablet=&#8221;120px&#8221; image_icon_width_phone=&#8221;80px&#8221; image_icon_width_last_edited=&#8221;on|phone&#8221; _builder_version=&#8221;4.27.4&#8243; _module_preset=&#8221;4d778d3d-b21d-4b19-8130-9b91c3e01747&#8243; header_font=&#8221;Roboto Condensed|700||on|||||&#8221; header_text_color=&#8221;#FFFFFF&#8221; header_font_size=&#8221;16px&#8221; header_line_height=&#8221;1.4em&#8221; body_font=&#8221;Raleway|500|||||||&#8221; body_text_color=&#8221;#FFFFFF&#8221; body_line_height=&#8221;1.65em&#8221; custom_margin=&#8221;|||2px|false|false&#8221; animation=&#8221;off&#8221; link_option_url=&#8221;https:\/\/time-to-run.fi\/crwp\/tjm\/harjoitus\/tjm-taso-2-viikot-1-4\/&#8221; link_option_url_new_window=&#8221;on&#8221; header_font_size_tablet=&#8221;16px&#8221; header_font_size_phone=&#8221;14px&#8221; header_font_size_last_edited=&#8221;on|phone&#8221; locked=&#8221;off&#8221; global_colors_info=&#8221;{}&#8221;]<\/p>\n<p>Tuusulanj\u00e4rven<br \/>puolimaratonohjelma<br \/>taso 2<\/p>\n<p>[\/et_pb_blurb][\/et_pb_column][et_pb_column type=&#8221;1_3&#8243; _builder_version=&#8221;4.24.0&#8243; _module_preset=&#8221;default&#8221; global_colors_info=&#8221;{}&#8221;][et_pb_blurb title=&#8221;Taso 3&#8243; url=&#8221;https:\/\/time-to-run.fi\/crwp\/tjm\/harjoitus\/tjm-taso-3-viikot-1-4\/&#8221; url_new_window=&#8221;on&#8221; image=&#8221;https:\/\/time-to-run.fi\/crwp\/wp-content\/uploads\/sites\/4\/2024\/02\/tjm.3.24.jpg&#8221; alt=&#8221;Tuusulanj\u00e4rven Puoli-Maraton ohjelma taso 3&#8243; icon_placement=&#8221;left&#8221; image_icon_width=&#8221;100px&#8221; content_max_width=&#8221;100%&#8221; image_icon_width_tablet=&#8221;120px&#8221; image_icon_width_phone=&#8221;80px&#8221; image_icon_width_last_edited=&#8221;on|phone&#8221; _builder_version=&#8221;4.27.4&#8243; _module_preset=&#8221;4d778d3d-b21d-4b19-8130-9b91c3e01747&#8243; header_font=&#8221;Roboto Condensed|700||on|||||&#8221; header_text_color=&#8221;#FFFFFF&#8221; header_font_size=&#8221;16px&#8221; header_line_height=&#8221;1.4em&#8221; body_font=&#8221;Raleway|500|||||||&#8221; body_text_color=&#8221;#FFFFFF&#8221; body_line_height=&#8221;1.65em&#8221; custom_margin=&#8221;|||2px|false|false&#8221; animation=&#8221;off&#8221; link_option_url=&#8221;https:\/\/time-to-run.fi\/crwp\/tjm\/harjoitus\/tjm-taso-3-viikot-1-4\/&#8221; link_option_url_new_window=&#8221;on&#8221; header_font_size_tablet=&#8221;16px&#8221; header_font_size_phone=&#8221;14px&#8221; header_font_size_last_edited=&#8221;on|phone&#8221; locked=&#8221;off&#8221; global_colors_info=&#8221;{}&#8221;]<\/p>\n<p>Tuusulanj\u00e4rven<br \/>puolimaratonohjelma<br \/>taso 3<\/p>\n<p>[\/et_pb_blurb][\/et_pb_column][\/et_pb_row][\/et_pb_section][et_pb_section fb_built=&#8221;1&#8243; _builder_version=&#8221;4.27.4&#8243; _module_preset=&#8221;default&#8221; global_colors_info=&#8221;{}&#8221;][\/et_pb_section][et_pb_section fb_built=&#8221;1&#8243; admin_label=&#8221;Services&#8221; _builder_version=&#8221;4.27.4&#8243; _module_preset=&#8221;default&#8221; background_color=&#8221;#F3EEE8&#8243; collapsed=&#8221;off&#8221; global_colors_info=&#8221;{}&#8221;][et_pb_row column_structure=&#8221;1_2,1_2&#8243; custom_padding_last_edited=&#8221;on|desktop&#8221; _builder_version=&#8221;4.24.0&#8243; _module_preset=&#8221;default&#8221; background_color=&#8221;#0d232d&#8221; custom_margin=&#8221;-10vw||||false|false&#8221; custom_padding=&#8221;|30px||30px|false|true&#8221; custom_padding_tablet=&#8221;|30px||30px|false|true&#8221; custom_padding_phone=&#8221;0px|20px||20px|false|true&#8221; global_colors_info=&#8221;{}&#8221;][et_pb_column type=&#8221;1_2&#8243; _builder_version=&#8221;4.17.6&#8243; _module_preset=&#8221;default&#8221; custom_padding=&#8221;||||false|false&#8221; global_colors_info=&#8221;{}&#8221;][et_pb_text _builder_version=&#8221;4.24.0&#8243; _module_preset=&#8221;b327cbe4-b1d5-4b66-ad37-40c8f2f061ba&#8221; header_2_font=&#8221;Anton|||on|||||&#8221; header_2_text_color=&#8221;#AE8F73&#8243; header_2_font_size=&#8221;70px&#8221; header_2_line_height=&#8221;1.15em&#8221; custom_margin=&#8221;||||false|false&#8221; header_2_font_size_tablet=&#8221;32px&#8221; header_2_font_size_phone=&#8221;20px&#8221; header_2_font_size_last_edited=&#8221;on|phone&#8221; global_colors_info=&#8221;{}&#8221;]<\/p>\n<h2>Tallinna Maraton 2025<\/h2>\n<h4><strong><span style=\"color: #ae8f73;\">12. &#8211; 14. syyskuuta<\/span><\/strong><\/h4>\n<p>[\/et_pb_text][et_pb_text _builder_version=&#8221;4.24.0&#8243; _module_preset=&#8221;default&#8221; global_colors_info=&#8221;{}&#8221;][\/et_pb_text][\/et_pb_column][et_pb_column type=&#8221;1_2&#8243; _builder_version=&#8221;4.17.6&#8243; _module_preset=&#8221;default&#8221; global_colors_info=&#8221;{}&#8221;][et_pb_text _builder_version=&#8221;4.21.0&#8243; _module_preset=&#8221;aaa7c440-590a-4078-ae0c-0f3c699ac51c&#8221; header_font=&#8221;||||||||&#8221; header_3_font=&#8221;Anton|||on|||||&#8221; header_3_text_color=&#8221;#FFFFFF&#8221; header_3_font_size=&#8221;35px&#8221; header_3_line_height=&#8221;1.3em&#8221; custom_margin=&#8221;||||false|false&#8221; header_3_font_size_tablet=&#8221;20px&#8221; header_3_font_size_phone=&#8221;16px&#8221; header_3_font_size_last_edited=&#8221;on|phone&#8221; global_colors_info=&#8221;{}&#8221;]<\/p>\n<h3>Puolimaraton ohjelma<br \/>Tasot 1 &#8211; 4<\/h3>\n<p>[\/et_pb_text][\/et_pb_column][\/et_pb_row][et_pb_row column_structure=&#8221;1_4,1_4,1_4,1_4&#8243; use_custom_gutter=&#8221;on&#8221; gutter_width=&#8221;2&#8243; custom_padding_last_edited=&#8221;on|phone&#8221; _builder_version=&#8221;4.24.0&#8243; _module_preset=&#8221;default&#8221; background_color=&#8221;#0d232d&#8221; custom_padding=&#8221;30px|30px|30px|30px|true|true&#8221; custom_padding_tablet=&#8221;30px|30px|30px|30px|true|true&#8221; custom_padding_phone=&#8221;|20px||20px|true|true&#8221; locked=&#8221;off&#8221; global_colors_info=&#8221;{}&#8221;][et_pb_column type=&#8221;1_4&#8243; _builder_version=&#8221;4.17.4&#8243; _module_preset=&#8221;default&#8221; hover_enabled=&#8221;0&#8243; global_colors_info=&#8221;{}&#8221; sticky_enabled=&#8221;0&#8243;][et_pb_blurb title=&#8221;Taso 1&#8243; url=&#8221;https:\/\/time-to-run.fi\/crwp\/tallinna\/harjoitus\/taso-1-viikot-1-4\/&#8221; url_new_window=&#8221;on&#8221; image=&#8221;https:\/\/time-to-run.fi\/crwp\/wp-content\/uploads\/sites\/4\/2025\/06\/Tallinna-puolimaraton-2023.jpg&#8221; alt=&#8221;tallinna puolimaraton ohjelma 1&#8243; icon_placement=&#8221;left&#8221; image_icon_width=&#8221;100px&#8221; content_max_width=&#8221;100%&#8221; image_icon_width_tablet=&#8221;120px&#8221; image_icon_width_phone=&#8221;80px&#8221; image_icon_width_last_edited=&#8221;on|phone&#8221; _builder_version=&#8221;4.27.4&#8243; _module_preset=&#8221;4d778d3d-b21d-4b19-8130-9b91c3e01747&#8243; header_font=&#8221;Roboto Condensed|700||on|||||&#8221; header_text_color=&#8221;#FFFFFF&#8221; header_font_size=&#8221;16px&#8221; header_line_height=&#8221;1.4em&#8221; body_font=&#8221;Raleway|500|||||||&#8221; body_text_color=&#8221;#FFFFFF&#8221; body_line_height=&#8221;1.65em&#8221; animation=&#8221;off&#8221; link_option_url=&#8221;https:\/\/time-to-run.fi\/crwp\/tallinna\/harjoitus\/taso-1-viikot-1-4\/&#8221; link_option_url_new_window=&#8221;on&#8221; hover_enabled=&#8221;0&#8243; header_font_size_tablet=&#8221;16px&#8221; header_font_size_phone=&#8221;14px&#8221; header_font_size_last_edited=&#8221;on|phone&#8221; locked=&#8221;off&#8221; global_colors_info=&#8221;{}&#8221; sticky_enabled=&#8221;0&#8243; title_text=&#8221;tallinna maraton 2025&#8243;]<\/p>\n<p>12 viikon puolimaraton ohjelma<\/p>\n<p>[\/et_pb_blurb][\/et_pb_column][et_pb_column type=&#8221;1_4&#8243; _builder_version=&#8221;4.17.4&#8243; _module_preset=&#8221;default&#8221; global_colors_info=&#8221;{}&#8221;][et_pb_blurb title=&#8221;Taso 2&#8243; url=&#8221;https:\/\/time-to-run.fi\/crwp\/tallinna\/harjoitus\/taso-2-viikot-1-4\/&#8221; url_new_window=&#8221;on&#8221; image=&#8221;https:\/\/time-to-run.fi\/crwp\/wp-content\/uploads\/sites\/4\/2025\/06\/Tallinna-puolimaraton-2023.jpg&#8221; alt=&#8221;tallinna puolimaraton ohjelma 2&#8243; icon_placement=&#8221;left&#8221; image_icon_width=&#8221;100px&#8221; content_max_width=&#8221;100%&#8221; image_icon_width_tablet=&#8221;120px&#8221; image_icon_width_phone=&#8221;80px&#8221; image_icon_width_last_edited=&#8221;on|phone&#8221; _builder_version=&#8221;4.27.4&#8243; _module_preset=&#8221;4d778d3d-b21d-4b19-8130-9b91c3e01747&#8243; header_font=&#8221;Roboto Condensed|700||on|||||&#8221; header_text_color=&#8221;#FFFFFF&#8221; header_font_size=&#8221;16px&#8221; header_line_height=&#8221;1.4em&#8221; body_font=&#8221;Raleway|500|||||||&#8221; body_text_color=&#8221;#FFFFFF&#8221; body_line_height=&#8221;1.65em&#8221; animation=&#8221;off&#8221; link_option_url=&#8221;https:\/\/time-to-run.fi\/crwp\/tallinna\/harjoitus\/taso-2-viikot-1-4\/&#8221; link_option_url_new_window=&#8221;on&#8221; hover_enabled=&#8221;0&#8243; header_font_size_tablet=&#8221;16px&#8221; header_font_size_phone=&#8221;14px&#8221; header_font_size_last_edited=&#8221;on|phone&#8221; locked=&#8221;off&#8221; global_colors_info=&#8221;{}&#8221; title_text=&#8221;tallinna maraton 2025&#8243; sticky_enabled=&#8221;0&#8243;]<\/p>\n<p>12 viikon puolimaraton ohjelma<\/p>\n<p>[\/et_pb_blurb][\/et_pb_column][et_pb_column type=&#8221;1_4&#8243; _builder_version=&#8221;4.17.4&#8243; _module_preset=&#8221;default&#8221; global_colors_info=&#8221;{}&#8221;][et_pb_blurb title=&#8221;Taso 3&#8243; url=&#8221;https:\/\/time-to-run.fi\/crwp\/tallinna\/harjoitus\/taso-3-viikot-1-4\/&#8221; url_new_window=&#8221;on&#8221; image=&#8221;https:\/\/time-to-run.fi\/crwp\/wp-content\/uploads\/sites\/4\/2025\/06\/Tallinna-puolimaraton-2023.jpg&#8221; alt=&#8221;tallinna puolimaraton ohjelma 3&#8243; icon_placement=&#8221;left&#8221; image_icon_width=&#8221;100px&#8221; content_max_width=&#8221;100%&#8221; image_icon_width_tablet=&#8221;120px&#8221; image_icon_width_phone=&#8221;80px&#8221; image_icon_width_last_edited=&#8221;on|phone&#8221; _builder_version=&#8221;4.27.4&#8243; _module_preset=&#8221;4d778d3d-b21d-4b19-8130-9b91c3e01747&#8243; header_font=&#8221;Roboto Condensed|700||on|||||&#8221; header_text_color=&#8221;#FFFFFF&#8221; header_font_size=&#8221;16px&#8221; header_line_height=&#8221;1.4em&#8221; body_font=&#8221;Raleway|500|||||||&#8221; body_text_color=&#8221;#FFFFFF&#8221; body_line_height=&#8221;1.65em&#8221; animation=&#8221;off&#8221; link_option_url=&#8221;https:\/\/time-to-run.fi\/crwp\/tallinna\/harjoitus\/taso-3-viikot-1-4\/&#8221; link_option_url_new_window=&#8221;on&#8221; hover_enabled=&#8221;0&#8243; header_font_size_tablet=&#8221;16px&#8221; header_font_size_phone=&#8221;14px&#8221; header_font_size_last_edited=&#8221;on|phone&#8221; locked=&#8221;off&#8221; global_colors_info=&#8221;{}&#8221; title_text=&#8221;tallinna maraton 2025&#8243; sticky_enabled=&#8221;0&#8243;]<\/p>\n<p>12 viikon puolimaraton ohjelma<\/p>\n<p>[\/et_pb_blurb][\/et_pb_column][et_pb_column type=&#8221;1_4&#8243; _builder_version=&#8221;4.17.4&#8243; _module_preset=&#8221;default&#8221; global_colors_info=&#8221;{}&#8221;][et_pb_blurb title=&#8221;Taso 4&#8243; url=&#8221;https:\/\/time-to-run.fi\/crwp\/tallinna\/harjoitus\/taso-4-viikot-1-4\/&#8221; url_new_window=&#8221;on&#8221; image=&#8221;https:\/\/time-to-run.fi\/crwp\/wp-content\/uploads\/sites\/4\/2025\/06\/Tallinna-puolimaraton-2023.jpg&#8221; alt=&#8221;tallinna puolimaraton ohjelma 4&#8243; icon_placement=&#8221;left&#8221; image_icon_width=&#8221;100px&#8221; content_max_width=&#8221;100%&#8221; image_icon_width_tablet=&#8221;120px&#8221; image_icon_width_phone=&#8221;80px&#8221; image_icon_width_last_edited=&#8221;on|phone&#8221; _builder_version=&#8221;4.27.4&#8243; _module_preset=&#8221;4d778d3d-b21d-4b19-8130-9b91c3e01747&#8243; header_font=&#8221;Roboto Condensed|700||on|||||&#8221; header_text_color=&#8221;#FFFFFF&#8221; header_font_size=&#8221;16px&#8221; header_line_height=&#8221;1.4em&#8221; body_font=&#8221;Raleway|500|||||||&#8221; body_text_color=&#8221;#FFFFFF&#8221; body_line_height=&#8221;1.65em&#8221; animation=&#8221;off&#8221; link_option_url=&#8221;https:\/\/time-to-run.fi\/crwp\/tallinna\/harjoitus\/taso-4-viikot-1-4\/&#8221; link_option_url_new_window=&#8221;on&#8221; hover_enabled=&#8221;0&#8243; header_font_size_tablet=&#8221;16px&#8221; header_font_size_phone=&#8221;14px&#8221; header_font_size_last_edited=&#8221;on|phone&#8221; locked=&#8221;off&#8221; global_colors_info=&#8221;{}&#8221; title_text=&#8221;tallinna maraton 2025&#8243; sticky_enabled=&#8221;0&#8243;]<\/p>\n<p>12 viikon puolimaraton ohjelma<\/p>\n<p>[\/et_pb_blurb][\/et_pb_column][\/et_pb_row][\/et_pb_section]<\/p>\n","protected":false},"excerpt":{"rendered":"<p>Come run with PiiaTuusulanj\u00e4rven Maraton 2025 La 26. huhtikuutaPuolimaraton ohjelma Tasot 1-3 &nbsp;Tuusulanj\u00e4rvenpuolimaratonohjelmataso 1Tuusulanj\u00e4rvenpuolimaratonohjelmataso 2Tuusulanj\u00e4rvenpuolimaratonohjelmataso 3Tallinna Maraton 2025 12. &#8211; 14. syyskuutaPuolimaraton ohjelmaTasot 1 &#8211; 412 viikon puolimaraton ohjelma12 viikon puolimaraton ohjelma12 viikon puolimaraton ohjelma12 viikon puolimaraton ohjelma<\/p>\n","protected":false},"author":1,"featured_media":0,"parent":0,"menu_order":0,"comment_status":"closed","ping_status":"closed","template":"","meta":{"_et_pb_use_builder":"on","_et_pb_old_content":"","_et_gb_content_width":"","advanced_seo_description":"","jetpack_seo_html_title":"","jetpack_seo_noindex":false,"footnotes":""},"categories":[],"tags":[],"class_list":["post-5","page","type-page","status-publish","hentry"],"jetpack-related-posts":[],"_links":{"self":[{"href":"https:\/\/time-to-run.fi\/crwp\/wp-json\/wp\/v2\/pages\/5","targetHints":{"allow":["GET"]}}],"collection":[{"href":"https:\/\/time-to-run.fi\/crwp\/wp-json\/wp\/v2\/pages"}],"about":[{"href":"https:\/\/time-to-run.fi\/crwp\/wp-json\/wp\/v2\/types\/page"}],"author":[{"embeddable":true,"href":"https:\/\/time-to-run.fi\/crwp\/wp-json\/wp\/v2\/users\/1"}],"replies":[{"embeddable":true,"href":"https:\/\/time-to-run.fi\/crwp\/wp-json\/wp\/v2\/comments?post=5"}],"version-history":[{"count":136,"href":"https:\/\/time-to-run.fi\/crwp\/wp-json\/wp\/v2\/pages\/5\/revisions"}],"predecessor-version":[{"id":1669,"href":"https:\/\/time-to-run.fi\/crwp\/wp-json\/wp\/v2\/pages\/5\/revisions\/1669"}],"wp:attachment":[{"href":"https:\/\/time-to-run.fi\/crwp\/wp-json\/wp\/v2\/media?parent=5"}],"wp:term":[{"taxonomy":"category","embeddable":true,"href":"https:\/\/time-to-run.fi\/crwp\/wp-json\/wp\/v2\/categories?post=5"},{"taxonomy":"post_tag","embeddable":true,"href":"https:\/\/time-to-run.fi\/crwp\/wp-json\/wp\/v2\/tags?post=5"}],"curies":[{"name":"wp","href":"https:\/\/api.w.org\/{rel}","templated":true}]}}