{"id":440,"date":"2023-07-12T13:57:45","date_gmt":"2023-07-12T12:57:45","guid":{"rendered":"https:\/\/time-to-run.fi\/crwp\/?page_id=440"},"modified":"2025-06-30T15:41:39","modified_gmt":"2025-06-30T12:41:39","slug":"taso-4-viikot-9-12","status":"publish","type":"page","link":"https:\/\/time-to-run.fi\/crwp\/tallinna\/harjoitus\/taso-4-viikot-9-12\/","title":{"rendered":"Taso 4 Viikot 9 \u2013 12"},"content":{"rendered":"<p>[et_pb_section fb_built=&#8221;1&#8243; admin_label=&#8221;section&#8221; _builder_version=&#8221;4.16&#8243; global_colors_info=&#8221;{}&#8221;][et_pb_row admin_label=&#8221;row&#8221; _builder_version=&#8221;4.16&#8243; background_size=&#8221;initial&#8221; background_position=&#8221;top_left&#8221; background_repeat=&#8221;repeat&#8221; global_colors_info=&#8221;{}&#8221;][et_pb_column type=&#8221;4_4&#8243; _builder_version=&#8221;4.16&#8243; custom_padding=&#8221;|||&#8221; global_colors_info=&#8221;{}&#8221; custom_padding__hover=&#8221;|||&#8221;][lwp_divi_breadcrumbs _builder_version=&#8221;4.21.0&#8243; _module_preset=&#8221;default&#8221; global_colors_info=&#8221;{}&#8221;][\/lwp_divi_breadcrumbs][\/et_pb_column][\/et_pb_row][et_pb_row column_structure=&#8221;3_5,2_5&#8243; _builder_version=&#8221;4.21.0&#8243; _module_preset=&#8221;default&#8221; global_colors_info=&#8221;{}&#8221;][et_pb_column type=&#8221;3_5&#8243; _builder_version=&#8221;4.21.0&#8243; _module_preset=&#8221;default&#8221; global_colors_info=&#8221;{}&#8221;][et_pb_image src=&#8221;https:\/\/time-to-run.fi\/crwp\/wp-content\/uploads\/sites\/4\/2025\/06\/4.jpg&#8221; alt=&#8221;tallinna puolimaraton ohjelma 4&#8243; title_text=&#8221;4&#8243; _builder_version=&#8221;4.27.4&#8243; _module_preset=&#8221;default&#8221; hover_enabled=&#8221;0&#8243; global_colors_info=&#8221;{}&#8221; sticky_enabled=&#8221;0&#8243;][\/et_pb_image][\/et_pb_column][et_pb_column type=&#8221;2_5&#8243; _builder_version=&#8221;4.21.0&#8243; _module_preset=&#8221;default&#8221; global_colors_info=&#8221;{}&#8221;][et_pb_text _builder_version=&#8221;4.27.4&#8243; _module_preset=&#8221;default&#8221; hover_enabled=&#8221;0&#8243; global_colors_info=&#8221;{}&#8221; sticky_enabled=&#8221;0&#8243;]<a href=\"https:\/\/www.jooks.ee\/en\/tallinn-marathon\/\" target=\"_blank\" rel=\"noopener\"><img data-recalc-dims=\"1\" decoding=\"async\" src=\"https:\/\/i0.wp.com\/www.time-to-run.com\/suomi\/wp-content\/uploads\/2025\/05\/tallinnmarathon.2025.4.png?w=1080&#038;ssl=1\" \/><\/a>[\/et_pb_text][\/et_pb_column][\/et_pb_row][et_pb_row admin_label=&#8221;row&#8221; _builder_version=&#8221;4.16&#8243; background_size=&#8221;initial&#8221; background_position=&#8221;top_left&#8221; background_repeat=&#8221;repeat&#8221; global_colors_info=&#8221;{}&#8221;][et_pb_column type=&#8221;4_4&#8243; _builder_version=&#8221;4.16&#8243; custom_padding=&#8221;|||&#8221; global_colors_info=&#8221;{}&#8221; custom_padding__hover=&#8221;|||&#8221;][et_pb_text _builder_version=&#8221;4.25.2&#8243; _module_preset=&#8221;default&#8221; global_colors_info=&#8221;{}&#8221;]<\/p>\n<h3>Harjoittele kohti Tallinnan puolimaratonia Time-to-Runin puolimaraton ohjelmalla Taso 4 &#8211; viikot 9 &#8211; 12<\/h3>\n<p><strong>TASO 4<\/strong> ohjelma on kokeneemmille juoksijoille, jotka tavoittelevat tietty\u00e4 aikaa puolimaratonilla.. T\u00e4m\u00e4 ohjelman pohjana on Time-to-Run <a href=\"https:\/\/www.time-to-run.com\/suomi\/harjoittelu\/10km\">10 km harjoitusohjelmat<\/a>, jotka perustuvat 3 viikon sykleihin. 10 km ohjelma on riitt\u00e4v\u00e4 my\u00f6s puolimaratonille, kun siihen sis\u00e4llytt\u00e4\u00e4 pidemm\u00e4t lenkit. Ensimm\u00e4iset 3 viikkoa koostuvat Time-to-Run ohjelman \u201c<a href=\"https:\/\/www.time-to-run.com\/suomi\/harjoittelu\/10km\/voimistavakausi.htm\">voimistavasta kaudesta<\/a>\u201d, jonka j\u00e4lkeen uskomme sinun p\u00e4\u00e4sev\u00e4n hyv\u00e4\u00e4n harjoitusrytmiin kohti Tallinnan puolimaratonia. Viikkojen 1-4 pit\u00e4isi olla perustreeni\u00e4 tasoisellesi juoksijalle. Selke\u00e4\u00e4 edistymist\u00e4 voit odottaa 6. viikon paikkeilla.<\/p>\n<p>[\/et_pb_text][et_pb_text _builder_version=&#8221;4.25.2&#8243; _module_preset=&#8221;default&#8221; global_colors_info=&#8221;{}&#8221;]<\/p>\n<h4><strong>OHJELMAN SELITYKSET<\/strong><\/h4>\n<p><b>Kevyt juoksu <\/b>\u2013 Ensimm\u00e4isen 3 viikon aikana tavoitteemme on saada sinut juoksemaan ilman vammoja. Suurin osa harjoituksista n\u00e4iden viikkojen aikana on kevytt\u00e4 juoksua. Kokemuksemme perusteella suurimman osan tulisi tehd\u00e4 kevyet juoksut sellaisella vauhdilla, ett\u00e4 <b>syke pysyy alle 140 ly\u00f6nti\u00e4 minuutissa<\/b>. Yrit\u00e4 pit\u00e4\u00e4 syke alle tuon 140, vaikka se olisi aluksi vaikeaa. Jos kahden viikon j\u00e4lkeenk\u00e4\u00e4n syke ei kevyell\u00e4 lenkill\u00e4 pysy alle 140, niin voit olla meihin yhteydess\u00e4 ja mietit\u00e4\u00e4n yhdess\u00e4 miten toimitaan.<\/p>\n<p><b>Tempojuoksu<\/b> &#8211; Tempojuoksu nostaa sykkeen mukavuusalueen ulkopuolelle ja hengitystiheys nousee niin, ett\u00e4 olet selv\u00e4sti heng\u00e4stynyt. Tempojuoksu aloitetaan mukavuusalueella ja vauhtia lis\u00e4t\u00e4\u00e4n asteittain juoksun edetess\u00e4. Onnistunut tempojuoksu on sellainen, ett\u00e4 vauhti kiihtyy viel\u00e4 loppuakin kohden, eik\u00e4 juoksun aikana tule t\u00e4ytt\u00e4 \u201chyytymist\u00e4\u201d.\u00a0 Yleisen\u00e4 s\u00e4\u00e4nt\u00f6n\u00e4 voisi sanoa, ett\u00e4 tempojuoksu juostaan 150 &#8211; 160 sykkeen v\u00e4lill\u00e4, 160 ollen jo sielt\u00e4 maksimi p\u00e4\u00e4st\u00e4.<\/p>\n<p><b>LEPO = ei liikuntaa <\/b>\u2013 Huomioi, ett\u00e4 kehittyess\u00e4si voit lepop\u00e4ivin\u00e4 harkita <a href=\"https:\/\/www.time-to-run.com\/suomi\/voimaharjoittelu\">voimaharjoituksia<\/a> yl\u00e4vartalolle ja koko kehon venyttely\u00e4 palautumisen edist\u00e4miseksi. Kun kuntotasosi nousee, suosittelemme joinain p\u00e4ivin\u00e4 aktiivista palauttelua lepop\u00e4iv\u00e4n sijaan.<\/p>\n<p><b>Aktiivinen palautus<\/b> &#8211; N\u00e4in\u00e4 p\u00e4ivin\u00e4 on tarkoitus tehd\u00e4 ei painoasi kantavaa liikuntaa palautukseen. Jos olet kokenut py\u00f6r\u00e4ilij\u00e4, voit k\u00e4ytt\u00e4\u00e4 py\u00f6r\u00e4ily\u00e4 aktiiviseen palautukseen. Py\u00f6r\u00e4ilyll\u00e4 voi kuitenkin olla p\u00e4invastainen vaikutus juoksuun, jos kaikki ei ole kunnossa satulan korkeuden, ajoasennon, vastuksen, yms. suhteen. Aktiivisen palautuksen aikana on tarkoitus palautua, joten esim. uinti on usein parempi vaihtoehto.<\/p>\n<p><b>4 km testijuoksu<\/b> &#8211; Etsi 400 m juoksurata ja juokse testijuoksu (10 kierrosta sis\u00e4rataa). Jos l\u00e4hell\u00e4si ei ole urheilukentt\u00e4\u00e4, niin etsi mahdollisimman tasainen 4 km reitti. Ota aika. Testijuoksu m\u00e4\u00e4ritt\u00e4\u00e4 tulevien harjoitusten vauhdin. T\u00e4\u00e4lt\u00e4 l\u00f6yd\u00e4t vinkit aikojen ja vauhtien laskuun:<br \/><a title=\"10 km harjoitteluvinkit\" href=\"https:\/\/www.time-to-run.com\/suomi\/harjoittelu\/10km\/10-km-harjoitteluvinkit.htm\" target=\"_blank\" rel=\"noopener\">https:\/\/www.time-to-run.com\/suomi\/harjoittelu\/10km\/10-km-harjoitteluvinkit.htm<\/a><\/p>\n<p>[\/et_pb_text][et_pb_text _builder_version=&#8221;4.25.2&#8243; _module_preset=&#8221;default&#8221; global_colors_info=&#8221;{}&#8221;]<\/p>\n\n<table id=\"tablepress-4c\" class=\"tablepress tablepress-id-4c\">\n<thead>\n<tr class=\"row-1\">\n\t<th class=\"column-1\">P\u00e4iv\u00e4<\/th><th class=\"column-2\">Nro<\/th><th class=\"column-3\">Harjoitus <\/th>\n<\/tr>\n<\/thead>\n<tbody class=\"row-striping row-hover\">\n<tr class=\"row-2\">\n\t<td class=\"column-1\">Ma<\/td><td class=\"column-2\">57<\/td><td class=\"column-3\">Aktiivinen palautus<\/td>\n<\/tr>\n<tr class=\"row-3\">\n\t<td class=\"column-1\">Ti<\/td><td class=\"column-2\">58<\/td><td class=\"column-3\">3 x 5 min 10 km kisavauhdilla, v\u00e4liss\u00e4 3 min h\u00f6lkk\u00e4 palautus<\/td>\n<\/tr>\n<tr class=\"row-4\">\n\t<td class=\"column-1\">Ke<\/td><td class=\"column-2\">59<\/td><td class=\"column-3\">30 min kevyt juoksu<\/td>\n<\/tr>\n<tr class=\"row-5\">\n\t<td class=\"column-1\">To<\/td><td class=\"column-2\">60<\/td><td class=\"column-3\">l\u00e4mmittely + 6 x 1 min nopea \/ 1 min hidas (vuorotellen, yhteens\u00e4 12 min) - nopeat 10 km kisavauhdilla<\/td>\n<\/tr>\n<tr class=\"row-6\">\n\t<td class=\"column-1\">Pe<\/td><td class=\"column-2\">61<\/td><td class=\"column-3\">LEPO<\/td>\n<\/tr>\n<tr class=\"row-7\">\n\t<td class=\"column-1\">La<\/td><td class=\"column-2\">62<\/td><td class=\"column-3\">10 km kilpailu tai omatoiminen testi \u2192 OTA YL\u00d6S AIKA <\/td>\n<\/tr>\n<tr class=\"row-8\">\n\t<td class=\"column-1\">Su<\/td><td class=\"column-2\">63<\/td><td class=\"column-3\">Aktiivinen palautus<\/td>\n<\/tr>\n<tr class=\"row-9\">\n\t<td class=\"column-1\"><\/td><td class=\"column-2\"><\/td><td class=\"column-3\"><\/td>\n<\/tr>\n<tr class=\"row-10\">\n\t<td class=\"column-1\">Ma<\/td><td class=\"column-2\">64<\/td><td class=\"column-3\">20 - 30 min kevyt juoksu<\/td>\n<\/tr>\n<tr class=\"row-11\">\n\t<td class=\"column-1\">Ti<\/td><td class=\"column-2\">65<\/td><td class=\"column-3\">60 - 70 min kumpuilevaa maastoa (jos mahdollista)<\/td>\n<\/tr>\n<tr class=\"row-12\">\n\t<td class=\"column-1\">Ke<\/td><td class=\"column-2\">66<\/td><td class=\"column-3\">Aktiivinen palautus<\/td>\n<\/tr>\n<tr class=\"row-13\">\n\t<td class=\"column-1\">To<\/td><td class=\"column-2\">67<\/td><td class=\"column-3\">5 x 2000 m samalla vauhdilla kuin 10 km 17.8. - v\u00e4liss\u00e4 90 sek lepo<\/td>\n<\/tr>\n<tr class=\"row-14\">\n\t<td class=\"column-1\">Pe<\/td><td class=\"column-2\">68<\/td><td class=\"column-3\">LEPO<\/td>\n<\/tr>\n<tr class=\"row-15\">\n\t<td class=\"column-1\">La<\/td><td class=\"column-2\">69<\/td><td class=\"column-3\">18 km pitk\u00e4 juoksulenkki oman fiiliksen mukaan<\/td>\n<\/tr>\n<tr class=\"row-16\">\n\t<td class=\"column-1\">Su<\/td><td class=\"column-2\">70<\/td><td class=\"column-3\">Aktiivinen palautus (uinti, venyttely, yl\u00e4kehon lihaskunto)<\/td>\n<\/tr>\n<tr class=\"row-17\">\n\t<td class=\"column-1\"><\/td><td class=\"column-2\"><\/td><td class=\"column-3\"><\/td>\n<\/tr>\n<tr class=\"row-18\">\n\t<td class=\"column-1\">Ma<\/td><td class=\"column-2\">71<\/td><td class=\"column-3\">20-30 min kevyt juoksu<\/td>\n<\/tr>\n<tr class=\"row-19\">\n\t<td class=\"column-1\">Ti<\/td><td class=\"column-2\">72<\/td><td class=\"column-3\">6 x 1000 m, vauhti 10 sek nopeammin kuin 2000 m vedoissa torstaina - v\u00e4liss\u00e4 60 sek lepo<\/td>\n<\/tr>\n<tr class=\"row-20\">\n\t<td class=\"column-1\">Ke<\/td><td class=\"column-2\">73<\/td><td class=\"column-3\">20 - 30 min kevyt juoksu<\/td>\n<\/tr>\n<tr class=\"row-21\">\n\t<td class=\"column-1\">To<\/td><td class=\"column-2\">74<\/td><td class=\"column-3\">max. 1 h kevyt lenkki (voi olla lyhyempi - ei pidempi!)<\/td>\n<\/tr>\n<tr class=\"row-22\">\n\t<td class=\"column-1\">Pe<\/td><td class=\"column-2\">75<\/td><td class=\"column-3\">LEPO<\/td>\n<\/tr>\n<tr class=\"row-23\">\n\t<td class=\"column-1\">La<\/td><td class=\"column-2\">76<\/td><td class=\"column-3\">10 km puolimaratonvauhdilla<\/td>\n<\/tr>\n<tr class=\"row-24\">\n\t<td class=\"column-1\">Su<\/td><td class=\"column-2\">77<\/td><td class=\"column-3\">max. 1 h kevyt lenkki (voi olla lyhyempi - ei pidempi!)<\/td>\n<\/tr>\n<tr class=\"row-25\">\n\t<td class=\"column-1\"><\/td><td class=\"column-2\"><\/td><td class=\"column-3\"><\/td>\n<\/tr>\n<tr class=\"row-26\">\n\t<td class=\"column-1\">Ma<\/td><td class=\"column-2\">78<\/td><td class=\"column-3\">LEPO<\/td>\n<\/tr>\n<tr class=\"row-27\">\n\t<td class=\"column-1\">Ti<\/td><td class=\"column-2\">79<\/td><td class=\"column-3\">3 x 5 min 10 km kisavauhdilla - v\u00e4liss\u00e4 3 min h\u00f6lkk\u00e4 palautus<\/td>\n<\/tr>\n<tr class=\"row-28\">\n\t<td class=\"column-1\">Ke<\/td><td class=\"column-2\">80<\/td><td class=\"column-3\">30 min kevyt juoksu<\/td>\n<\/tr>\n<tr class=\"row-29\">\n\t<td class=\"column-1\">To<\/td><td class=\"column-2\">81<\/td><td class=\"column-3\">l\u00e4mmittely + 6 x 1 min nopea \/ 1 min hidas - nopeat puolimaratonvauhdilla<br \/>\n<\/td>\n<\/tr>\n<tr class=\"row-30\">\n\t<td class=\"column-1\">Pe<\/td><td class=\"column-2\">82<\/td><td class=\"column-3\">LEPO<\/td>\n<\/tr>\n<tr class=\"row-31\">\n\t<td class=\"column-1\">La<\/td><td class=\"column-2\">83<\/td><td class=\"column-3\">Tallinna 21 km<\/td>\n<\/tr>\n<tr class=\"row-32\">\n\t<td class=\"column-1\">Su<\/td><td class=\"column-2\">84<\/td><td class=\"column-3\">LEPO<\/td>\n<\/tr>\n<\/tbody>\n<tfoot>\n<tr class=\"row-33\">\n\t<td class=\"column-1\"><\/td><td class=\"column-2\"><\/td><td class=\"column-3\"><\/td>\n<\/tr>\n<\/tfoot>\n<\/table>\n<!-- #tablepress-4c from cache -->\n<p>Alkuun <a title=\"Tallinna puolimaraton \u2013 Taso 4 Viikot 1 \u2013 4\" href=\"https:\/\/time-to-run.fi\/crwp\/tallinna\/harjoitus\/taso-4-viikot-1-4\/\" target=\"_blank\" rel=\"noopener\">Tallinna puolimaraton \u2013 Taso 4 Viikot 1 \u2013 4<\/a><\/p>\n<p>[\/et_pb_text][et_pb_text _builder_version=&#8221;4.27.4&#8243; _module_preset=&#8221;default&#8221; link_option_url_new_window=&#8221;on&#8221; hover_enabled=&#8221;0&#8243; global_colors_info=&#8221;{}&#8221; sticky_enabled=&#8221;0&#8243;]<\/p>\n<p><a title=\"Tallinna-21k-taso-4.pdf\" href=\"https:\/\/time-to-run.fi\/ee\/TallinnaMaraton-2024-taso4.pdf\" target=\"_blank\" rel=\"noopener\"><img data-recalc-dims=\"1\" loading=\"lazy\" decoding=\"async\" class=\"wp-image-261 alignnone size-full\" src=\"https:\/\/i0.wp.com\/time-to-run.fi\/crwp\/wp-content\/uploads\/sites\/4\/2023\/06\/pdf-file-130-e1687186628649.png?resize=30%2C30&#038;ssl=1\" alt=\"pdf file\" width=\"30\" height=\"30\" \/><\/a> <a href=\"https:\/\/time-to-run.fi\/crwp\/wp-content\/uploads\/sites\/4\/2025\/06\/Tallinna-puolimaraton-ohjelma-taso-4.pdf\" rel=\"attachment wp-att-1679\">Tallinna puolimaraton &#8211; ohjelma taso 4<\/a><\/p>\n<p>[\/et_pb_text][\/et_pb_column][\/et_pb_row][\/et_pb_section]<\/p>\n","protected":false},"excerpt":{"rendered":"<p><div class=\"et_pb_module lwp_divi_breadcrumbs lwp_divi_breadcrumbs_0\">\n\t\t\t\t\n\t\t\t\t\n\t\t\t\t\n\t\t\t\t\n\t\t\t\t\n\t\t\t\t\n\t\t\t\t<div class=\"et_pb_module_inner\">\n\t\t\t\t\t<div class=\"lwp-breadcrumbs\"> <span class=\"before\"><\/span> <span vocab=\"https:\/\/schema.org\/\" typeof=\"BreadcrumbList\"><span property=\"itemListElement\" typeof=\"ListItem\"><a property=\"item\" typeof=\"WebPage\" href=\"https:\/\/time-to-run.fi\/crwp\/\" class=\"home\"><span property=\"name\">Home<\/span><\/a><meta property=\"position\" content=\"1\"><\/span> <span class=\"separator et-pb-icon\">&#x39;<\/span> <\/span><\/div>\n\t\t\t\t<\/div>\n\t\t\t<\/div>Harjoittele kohti Tallinnan puolimaratonia Time-to-Runin puolimaraton ohjelmalla Taso 4 &#8211; viikot 9 &#8211; 12 TASO 4 ohjelma on kokeneemmille juoksijoille, jotka tavoittelevat tietty\u00e4 aikaa puolimaratonilla.. T\u00e4m\u00e4 ohjelman pohjana on Time-to-Run 10 km harjoitusohjelmat, jotka perustuvat 3 viikon sykleihin. 10 km ohjelma on riitt\u00e4v\u00e4 my\u00f6s puolimaratonille, kun siihen sis\u00e4llytt\u00e4\u00e4 pidemm\u00e4t lenkit. Ensimm\u00e4iset 3 [&hellip;]<\/p>\n","protected":false},"author":1,"featured_media":0,"parent":0,"menu_order":0,"comment_status":"closed","ping_status":"closed","template":"","meta":{"_et_pb_use_builder":"on","_et_pb_old_content":"","_et_gb_content_width":"","advanced_seo_description":"","jetpack_seo_html_title":"","jetpack_seo_noindex":false,"footnotes":""},"categories":[4,3],"tags":[5,6],"class_list":["post-440","page","type-page","status-publish","hentry","category-harjoitus","category-tallinna","tag-puolimaratonohjelma","tag-tallinna"],"jetpack-related-posts":[],"_links":{"self":[{"href":"https:\/\/time-to-run.fi\/crwp\/wp-json\/wp\/v2\/pages\/440","targetHints":{"allow":["GET"]}}],"collection":[{"href":"https:\/\/time-to-run.fi\/crwp\/wp-json\/wp\/v2\/pages"}],"about":[{"href":"https:\/\/time-to-run.fi\/crwp\/wp-json\/wp\/v2\/types\/page"}],"author":[{"embeddable":true,"href":"https:\/\/time-to-run.fi\/crwp\/wp-json\/wp\/v2\/users\/1"}],"replies":[{"embeddable":true,"href":"https:\/\/time-to-run.fi\/crwp\/wp-json\/wp\/v2\/comments?post=440"}],"version-history":[{"count":11,"href":"https:\/\/time-to-run.fi\/crwp\/wp-json\/wp\/v2\/pages\/440\/revisions"}],"predecessor-version":[{"id":1722,"href":"https:\/\/time-to-run.fi\/crwp\/wp-json\/wp\/v2\/pages\/440\/revisions\/1722"}],"wp:attachment":[{"href":"https:\/\/time-to-run.fi\/crwp\/wp-json\/wp\/v2\/media?parent=440"}],"wp:term":[{"taxonomy":"category","embeddable":true,"href":"https:\/\/time-to-run.fi\/crwp\/wp-json\/wp\/v2\/categories?post=440"},{"taxonomy":"post_tag","embeddable":true,"href":"https:\/\/time-to-run.fi\/crwp\/wp-json\/wp\/v2\/tags?post=440"}],"curies":[{"name":"wp","href":"https:\/\/api.w.org\/{rel}","templated":true}]}}