{"id":184,"date":"2023-06-17T20:09:31","date_gmt":"2023-06-17T19:09:31","guid":{"rendered":"https:\/\/time-to-run.fi\/crwp\/?page_id=184"},"modified":"2025-06-22T22:08:55","modified_gmt":"2025-06-22T19:08:55","slug":"taso-2-viikot-1-4","status":"publish","type":"page","link":"https:\/\/time-to-run.fi\/crwp\/tallinna\/harjoitus\/taso-2-viikot-1-4\/","title":{"rendered":"Taso 2 Viikot 1 \u2013 4"},"content":{"rendered":"<p>[et_pb_section fb_built=&#8221;1&#8243; admin_label=&#8221;section&#8221; _builder_version=&#8221;4.16&#8243; global_colors_info=&#8221;{}&#8221;][et_pb_row admin_label=&#8221;row&#8221; _builder_version=&#8221;4.16&#8243; background_size=&#8221;initial&#8221; background_position=&#8221;top_left&#8221; background_repeat=&#8221;repeat&#8221; global_colors_info=&#8221;{}&#8221;][et_pb_column type=&#8221;4_4&#8243; _builder_version=&#8221;4.16&#8243; custom_padding=&#8221;|||&#8221; global_colors_info=&#8221;{}&#8221; custom_padding__hover=&#8221;|||&#8221;][lwp_divi_breadcrumbs _builder_version=&#8221;4.21.0&#8243; _module_preset=&#8221;default&#8221; global_colors_info=&#8221;{}&#8221;][\/lwp_divi_breadcrumbs][\/et_pb_column][\/et_pb_row][et_pb_row column_structure=&#8221;3_5,2_5&#8243; _builder_version=&#8221;4.21.0&#8243; _module_preset=&#8221;default&#8221; global_colors_info=&#8221;{}&#8221;][et_pb_column type=&#8221;3_5&#8243; _builder_version=&#8221;4.21.0&#8243; _module_preset=&#8221;default&#8221; global_colors_info=&#8221;{}&#8221;][et_pb_image src=&#8221;https:\/\/time-to-run.fi\/crwp\/wp-content\/uploads\/sites\/4\/2025\/06\/2.jpg&#8221; alt=&#8221;tallinna puolimaraton ohjelma 2&#8243; title_text=&#8221;2&#8243; _builder_version=&#8221;4.27.4&#8243; _module_preset=&#8221;default&#8221; hover_enabled=&#8221;0&#8243; global_colors_info=&#8221;{}&#8221; sticky_enabled=&#8221;0&#8243;][\/et_pb_image][\/et_pb_column][et_pb_column type=&#8221;2_5&#8243; _builder_version=&#8221;4.21.0&#8243; _module_preset=&#8221;default&#8221; global_colors_info=&#8221;{}&#8221;][et_pb_text _builder_version=&#8221;4.27.4&#8243; _module_preset=&#8221;default&#8221; hover_enabled=&#8221;0&#8243; global_colors_info=&#8221;{}&#8221; sticky_enabled=&#8221;0&#8243;]<a href=\"https:\/\/www.jooks.ee\/en\/tallinn-marathon\/\" target=\"_blank\" rel=\"noopener\"><img data-recalc-dims=\"1\" decoding=\"async\" src=\"https:\/\/i0.wp.com\/www.time-to-run.com\/suomi\/wp-content\/uploads\/2025\/05\/tallinnmarathon.2025.4.png?w=1080&#038;ssl=1\" \/><\/a>[\/et_pb_text][\/et_pb_column][\/et_pb_row][et_pb_row admin_label=&#8221;row&#8221; _builder_version=&#8221;4.16&#8243; background_size=&#8221;initial&#8221; background_position=&#8221;top_left&#8221; background_repeat=&#8221;repeat&#8221; global_colors_info=&#8221;{}&#8221;][et_pb_column type=&#8221;4_4&#8243; _builder_version=&#8221;4.16&#8243; custom_padding=&#8221;|||&#8221; global_colors_info=&#8221;{}&#8221; custom_padding__hover=&#8221;|||&#8221;][et_pb_text _builder_version=&#8221;4.25.2&#8243; _module_preset=&#8221;default&#8221; global_colors_info=&#8221;{}&#8221;]<\/p>\n<h3>Harjoittele kohti Tallinnan puolimaratonia Time-to-Runin puolimaraton ohjelmalla Taso 2 &#8211; viikot 1 &#8211; 4<\/h3>\n<p><strong>TASO 2<\/strong> ohjelma on tarkoitettu sinulle, jos tavoitteesi on juosta puolimaraton matka kokonaisuudessaan. Ohjelma etenee niin, ett\u00e4 ensiksi tavoitteena on juosta 5 km, jonka j\u00e4lkeen tavoitellaan 10 km matkaa, samalla kun lis\u00e4t\u00e4\u00e4n juoksukilometrej\u00e4. Ensimm\u00e4isten viikkojen aikana ohjelmassa on my\u00f6s k\u00e4vely\u00e4. K\u00e4velyn tarkoitus on saada kehosi sopeutumaan painoasi kantavaan harjoitteluun ja kest\u00e4m\u00e4\u00e4n harjoittelua pidemm\u00e4ll\u00e4 t\u00e4ht\u00e4imell\u00e4. 8 viikon j\u00e4lkeen saatat harkita tavoiteaikaa itsellesi sen sijaan, ett\u00e4 vain suoritat juoksun.<\/p>\n<p>[\/et_pb_text][et_pb_text _builder_version=&#8221;4.25.2&#8243; _module_preset=&#8221;default&#8221; global_colors_info=&#8221;{}&#8221;]<\/p>\n<h4><strong>OHJELMAN SELITYKSET<\/strong><\/h4>\n<p><b>Vauhtik\u00e4vely <\/b>\u00a0\u2013 Vauhtik\u00e4velyss\u00e4 saavutetaan maksiminopeus nostamatta molempia jalkoja maasta samaan aikaan. Yhden jalan tulee aina pysy\u00e4 maassa. Jos nostat molemmat jalat maasta, laji vaihtuu juoksemiseksi \u2013 se ei ole tarkoitus. Pyri saamaan mukava rytmi p\u00e4\u00e4lle, heiluta k\u00e4si\u00e4si tahdissa taivutettuina noin 45 asteen kulmaan. K\u00e4velysi tehon m\u00e4\u00e4r\u00e4\u00e4 k\u00e4sien liike, ei jalkojen liike, joten heiluta k\u00e4si\u00e4si sit\u00e4 vauhtia kuin haluaisit jalkojesi liikkuvan.<\/p>\n<p><b>Kevyt juoksu<\/b> voidaan mielt\u00e4\u00e4 niin sanottuna <i>h\u00f6lkk\u00e4n\u00e4<\/i>. Hyv\u00e4 mittari kevyeen juoksuun on <a href=\"https:\/\/www.time-to-run.com\/suomi\/aloittelijat\/puhetesti.htm\">puhetesti<\/a>. Jos et pysty puhumaan kenellek\u00e4\u00e4n juostessasi, juokset liian kovaa. Hidasta siis puhumaan.<\/p>\n<p><b>LEPO = ei liikuntaa <\/b>\u2013 Huomioi, ett\u00e4 kehittyess\u00e4si voit lepop\u00e4ivin\u00e4 harkita <a href=\"https:\/\/www.time-to-run.com\/suomi\/voimaharjoittelu\">voimaharjoituksia<\/a> yl\u00e4vartalolle ja koko kehon venyttely\u00e4 palautumisen edist\u00e4miseksi.<\/p>\n<p><b>Aktiivinen palautus<\/b> &#8211; N\u00e4in\u00e4 p\u00e4ivin\u00e4 on tarkoitus tehd\u00e4 ei painoasi kantavaa liikuntaa palautukseen. Jos olet kokenut py\u00f6r\u00e4ilij\u00e4, voit k\u00e4ytt\u00e4\u00e4 py\u00f6r\u00e4ily\u00e4 aktiiviseen palautukseen. Py\u00f6r\u00e4ilyll\u00e4 voi kuitenkin olla p\u00e4invastainen vaikutus juoksuun, jos kaikki ei ole kunnossa satulan korkeuden, ajoasennon, vastuksen, yms. suhteen. Aktiivisen palautuksen aikana on tarkoitus palautua, joten esim. uinti on usein parempi vaihtoehto.<\/p>\n<p><b>Parkrun<\/b> &#8211; Ilmainen tapahtuma, jossa voi k\u00e4vell\u00e4, h\u00f6lk\u00e4t\u00e4 tai juosta. Matka on aina 5 km ja tapahtuma j\u00e4rjestet\u00e4\u00e4n joka lauantaiaamu. Tapahtuma on ilmainen ja sinun t\u00e4ytyy vain rekister\u00f6ity\u00e4 kerran. Suomessa on t\u00e4ll\u00e4 hetkell\u00e4 7 parkrun -tapahtumaa ja voit osallistua mihin tahansa tapahtumaan. Tapahtumat l\u00f6ytyv\u00e4t paikoista Helsinki, Espoo, Lahti, V\u00e4\u00e4ksy, Tampere, Jyv\u00e4skyl\u00e4 ja Oulu. Lis\u00e4\u00e4 tietoa ja rekister\u00f6ityminen <a href=\"http:\/\/www.parkrun.fi\">www.parkrun.fi<\/a><\/p>\n<p>[\/et_pb_text][et_pb_text _builder_version=&#8221;4.25.2&#8243; _module_preset=&#8221;default&#8221; global_colors_info=&#8221;{}&#8221;]<\/p>\n\n<table id=\"tablepress-2\" class=\"tablepress tablepress-id-2\">\n<thead>\n<tr class=\"row-1\">\n\t<th class=\"column-1\">P\u00e4iv\u00e4<\/th><th class=\"column-2\">Nro<\/th><th class=\"column-3\">Harjoitus <\/th>\n<\/tr>\n<\/thead>\n<tbody class=\"row-striping row-hover\">\n<tr class=\"row-2\">\n\t<td class=\"column-1\">Ma<\/td><td class=\"column-2\">1<\/td><td class=\"column-3\">10 min vauhtik\u00e4vely + 15 min kevyt juoksu + 5 min vauhtik\u00e4vely<\/td>\n<\/tr>\n<tr class=\"row-3\">\n\t<td class=\"column-1\">Ti<\/td><td class=\"column-2\">2<\/td><td class=\"column-3\">LEPO<\/td>\n<\/tr>\n<tr class=\"row-4\">\n\t<td class=\"column-1\">Ke<\/td><td class=\"column-2\">3<\/td><td class=\"column-3\">LEPO<\/td>\n<\/tr>\n<tr class=\"row-5\">\n\t<td class=\"column-1\">To<\/td><td class=\"column-2\">4<\/td><td class=\"column-3\">3 min vauhtik\u00e4vely + 25 min kevyt juoksu + 2 min vauhtik\u00e4vely<\/td>\n<\/tr>\n<tr class=\"row-6\">\n\t<td class=\"column-1\">Pe<\/td><td class=\"column-2\">5<\/td><td class=\"column-3\">LEPO<\/td>\n<\/tr>\n<tr class=\"row-7\">\n\t<td class=\"column-1\">La<\/td><td class=\"column-2\">6<\/td><td class=\"column-3\">10 min vauhtik\u00e4vely + 15 min kevyt juoksu + 5 min vauhtik\u00e4vely<\/td>\n<\/tr>\n<tr class=\"row-8\">\n\t<td class=\"column-1\">Su<\/td><td class=\"column-2\">7<\/td><td class=\"column-3\">LEPO<\/td>\n<\/tr>\n<tr class=\"row-9\">\n\t<td class=\"column-1\"><\/td><td class=\"column-2\"><\/td><td class=\"column-3\"><\/td>\n<\/tr>\n<tr class=\"row-10\">\n\t<td class=\"column-1\">Ma<\/td><td class=\"column-2\">8<\/td><td class=\"column-3\">3 min vauhtik\u00e4vely + 25 min kevyt juoksu + 2 min vauhtik\u00e4vely<\/td>\n<\/tr>\n<tr class=\"row-11\">\n\t<td class=\"column-1\">Ti<\/td><td class=\"column-2\">9<\/td><td class=\"column-3\">LEPO<\/td>\n<\/tr>\n<tr class=\"row-12\">\n\t<td class=\"column-1\">Ke<\/td><td class=\"column-2\">10<\/td><td class=\"column-3\">3 min vauhtik\u00e4vely + 25 min kevyt juoksu + 2 min vauhtik\u00e4vely<\/td>\n<\/tr>\n<tr class=\"row-13\">\n\t<td class=\"column-1\">To<\/td><td class=\"column-2\">11<\/td><td class=\"column-3\">LEPO<\/td>\n<\/tr>\n<tr class=\"row-14\">\n\t<td class=\"column-1\">Pe<\/td><td class=\"column-2\">12<\/td><td class=\"column-3\">LEPO<\/td>\n<\/tr>\n<tr class=\"row-15\">\n\t<td class=\"column-1\">La<\/td><td class=\"column-2\">13<\/td><td class=\"column-3\">30 min kevyt juoksu<\/td>\n<\/tr>\n<tr class=\"row-16\">\n\t<td class=\"column-1\">Su<\/td><td class=\"column-2\">14<\/td><td class=\"column-3\">Palauttava k\u00e4velylenkki<\/td>\n<\/tr>\n<tr class=\"row-17\">\n\t<td class=\"column-1\"><\/td><td class=\"column-2\"><\/td><td class=\"column-3\"><\/td>\n<\/tr>\n<tr class=\"row-18\">\n\t<td class=\"column-1\">Ma<\/td><td class=\"column-2\">14<\/td><td class=\"column-3\">LEPO<\/td>\n<\/tr>\n<tr class=\"row-19\">\n\t<td class=\"column-1\">Ti<\/td><td class=\"column-2\">16<\/td><td class=\"column-3\">10 min kevyt juoksu + 5 min reippaampi tempo + 15 min h\u00f6lkk\u00e4<\/td>\n<\/tr>\n<tr class=\"row-20\">\n\t<td class=\"column-1\">Ke<\/td><td class=\"column-2\">17<\/td><td class=\"column-3\">LEPO<\/td>\n<\/tr>\n<tr class=\"row-21\">\n\t<td class=\"column-1\">To<\/td><td class=\"column-2\">18<\/td><td class=\"column-3\">1 h k\u00e4vely, josta viimeiset 5 min kevytt\u00e4 juoksua<\/td>\n<\/tr>\n<tr class=\"row-22\">\n\t<td class=\"column-1\">Pe<\/td><td class=\"column-2\">19<\/td><td class=\"column-3\">LEPO<\/td>\n<\/tr>\n<tr class=\"row-23\">\n\t<td class=\"column-1\">La<\/td><td class=\"column-2\">20<\/td><td class=\"column-3\">40 min kevyt juoksu<\/td>\n<\/tr>\n<tr class=\"row-24\">\n\t<td class=\"column-1\">Su<\/td><td class=\"column-2\">21<\/td><td class=\"column-3\">30 min rento k\u00e4vely<\/td>\n<\/tr>\n<tr class=\"row-25\">\n\t<td class=\"column-1\"><\/td><td class=\"column-2\"><\/td><td class=\"column-3\"><\/td>\n<\/tr>\n<tr class=\"row-26\">\n\t<td class=\"column-1\">Ma<\/td><td class=\"column-2\">22<\/td><td class=\"column-3\">LEPO<\/td>\n<\/tr>\n<tr class=\"row-27\">\n\t<td class=\"column-1\">Ti<\/td><td class=\"column-2\">23<\/td><td class=\"column-3\">30 min kevyt juoksu, josta viimeiset 5 minuuttia reippaampi tempo<\/td>\n<\/tr>\n<tr class=\"row-28\">\n\t<td class=\"column-1\">Ke<\/td><td class=\"column-2\">24<\/td><td class=\"column-3\">LEPO<\/td>\n<\/tr>\n<tr class=\"row-29\">\n\t<td class=\"column-1\">To<\/td><td class=\"column-2\">25<\/td><td class=\"column-3\">20 min kevyt juoksu<\/td>\n<\/tr>\n<tr class=\"row-30\">\n\t<td class=\"column-1\">Pe<\/td><td class=\"column-2\">26<\/td><td class=\"column-3\">LEPO<\/td>\n<\/tr>\n<tr class=\"row-31\">\n\t<td class=\"column-1\">La<\/td><td class=\"column-2\">27<\/td><td class=\"column-3\">5 km kilpailu tai omatoiminen testi tai Parkrun \u2192 KIRJOITA AIKA YL\u00d6S<\/td>\n<\/tr>\n<tr class=\"row-32\">\n\t<td class=\"column-1\">Su<\/td><td class=\"column-2\">28<\/td><td class=\"column-3\">LEPO tai 1 h palauttava k\u00e4vely<\/td>\n<\/tr>\n<\/tbody>\n<tfoot>\n<tr class=\"row-33\">\n\t<td class=\"column-1\"><\/td><td class=\"column-2\"><\/td><td class=\"column-3\"><\/td>\n<\/tr>\n<\/tfoot>\n<\/table>\n<!-- #tablepress-2 from cache -->\n<p>seuraava <a title=\"Tallinna puolimaraton \u2013 Taso 2 Viikot 5 \u2013 8\" href=\"https:\/\/time-to-run.fi\/crwp\/tallinna\/harjoitus\/taso-2-viikot-5-8\/\" target=\"_blank\" rel=\"noopener\">Tallinna puolimaraton \u2013 Taso 2 Viikot 5 \u2013 8<\/a><\/p>\n<p>[\/et_pb_text][et_pb_text _builder_version=&#8221;4.27.4&#8243; _module_preset=&#8221;default&#8221; link_option_url_new_window=&#8221;on&#8221; hover_enabled=&#8221;0&#8243; global_colors_info=&#8221;{}&#8221; sticky_enabled=&#8221;0&#8243;]<\/p>\n<p><a title=\"Tallinna-21k-taso-2.pdf\" href=\"https:\/\/time-to-run.fi\/ee\/TallinnaMaraton-2024-taso2.pdf\" target=\"_blank\" rel=\"noopener\"><img data-recalc-dims=\"1\" loading=\"lazy\" decoding=\"async\" class=\"wp-image-261 alignnone size-full\" src=\"https:\/\/i0.wp.com\/time-to-run.fi\/crwp\/wp-content\/uploads\/sites\/4\/2023\/06\/pdf-file-130-e1687186628649.png?resize=30%2C30&#038;ssl=1\" alt=\"pdf file\" width=\"30\" height=\"30\" \/><\/a> <a href=\"https:\/\/time-to-run.fi\/crwp\/wp-content\/uploads\/sites\/4\/2025\/06\/Tallinna-puolimaraton-ohjelma-taso-2.pdf\" rel=\"attachment wp-att-1677\">Tallinna puolimaraton &#8211; ohjelma taso 2<\/a><\/p>\n<p>[\/et_pb_text][\/et_pb_column][\/et_pb_row][\/et_pb_section]<\/p>\n","protected":false},"excerpt":{"rendered":"<p><div class=\"et_pb_module lwp_divi_breadcrumbs lwp_divi_breadcrumbs_0\">\n\t\t\t\t\n\t\t\t\t\n\t\t\t\t\n\t\t\t\t\n\t\t\t\t\n\t\t\t\t\n\t\t\t\t<div class=\"et_pb_module_inner\">\n\t\t\t\t\t<div class=\"lwp-breadcrumbs\"> <span class=\"before\"><\/span> <span vocab=\"https:\/\/schema.org\/\" typeof=\"BreadcrumbList\"><span property=\"itemListElement\" typeof=\"ListItem\"><a property=\"item\" typeof=\"WebPage\" href=\"https:\/\/time-to-run.fi\/crwp\/\" class=\"home\"><span property=\"name\">Home<\/span><\/a><meta property=\"position\" content=\"1\"><\/span> <span class=\"separator et-pb-icon\">&#x39;<\/span> <\/span><\/div>\n\t\t\t\t<\/div>\n\t\t\t<\/div>Harjoittele kohti Tallinnan puolimaratonia Time-to-Runin puolimaraton ohjelmalla Taso 2 &#8211; viikot 1 &#8211; 4 TASO 2 ohjelma on tarkoitettu sinulle, jos tavoitteesi on juosta puolimaraton matka kokonaisuudessaan. Ohjelma etenee niin, ett\u00e4 ensiksi tavoitteena on juosta 5 km, jonka j\u00e4lkeen tavoitellaan 10 km matkaa, samalla kun lis\u00e4t\u00e4\u00e4n juoksukilometrej\u00e4. Ensimm\u00e4isten viikkojen aikana ohjelmassa on [&hellip;]<\/p>\n","protected":false},"author":1,"featured_media":0,"parent":0,"menu_order":0,"comment_status":"closed","ping_status":"closed","template":"","meta":{"_et_pb_use_builder":"on","_et_pb_old_content":"","_et_gb_content_width":"","advanced_seo_description":"","jetpack_seo_html_title":"","jetpack_seo_noindex":false,"footnotes":""},"categories":[4,3],"tags":[5,6],"class_list":["post-184","page","type-page","status-publish","hentry","category-harjoitus","category-tallinna","tag-puolimaratonohjelma","tag-tallinna"],"jetpack-related-posts":[],"_links":{"self":[{"href":"https:\/\/time-to-run.fi\/crwp\/wp-json\/wp\/v2\/pages\/184","targetHints":{"allow":["GET"]}}],"collection":[{"href":"https:\/\/time-to-run.fi\/crwp\/wp-json\/wp\/v2\/pages"}],"about":[{"href":"https:\/\/time-to-run.fi\/crwp\/wp-json\/wp\/v2\/types\/page"}],"author":[{"embeddable":true,"href":"https:\/\/time-to-run.fi\/crwp\/wp-json\/wp\/v2\/users\/1"}],"replies":[{"embeddable":true,"href":"https:\/\/time-to-run.fi\/crwp\/wp-json\/wp\/v2\/comments?post=184"}],"version-history":[{"count":26,"href":"https:\/\/time-to-run.fi\/crwp\/wp-json\/wp\/v2\/pages\/184\/revisions"}],"predecessor-version":[{"id":1705,"href":"https:\/\/time-to-run.fi\/crwp\/wp-json\/wp\/v2\/pages\/184\/revisions\/1705"}],"wp:attachment":[{"href":"https:\/\/time-to-run.fi\/crwp\/wp-json\/wp\/v2\/media?parent=184"}],"wp:term":[{"taxonomy":"category","embeddable":true,"href":"https:\/\/time-to-run.fi\/crwp\/wp-json\/wp\/v2\/categories?post=184"},{"taxonomy":"post_tag","embeddable":true,"href":"https:\/\/time-to-run.fi\/crwp\/wp-json\/wp\/v2\/tags?post=184"}],"curies":[{"name":"wp","href":"https:\/\/api.w.org\/{rel}","templated":true}]}}