{"id":177,"date":"2023-06-17T20:06:29","date_gmt":"2023-06-17T19:06:29","guid":{"rendered":"https:\/\/time-to-run.fi\/crwp\/?page_id=177"},"modified":"2025-06-30T15:22:55","modified_gmt":"2025-06-30T12:22:55","slug":"taso-1-viikot-9-12","status":"publish","type":"page","link":"https:\/\/time-to-run.fi\/crwp\/tallinna\/harjoitus\/taso-1-viikot-9-12\/","title":{"rendered":"Taso 1 Viikot 9 \u2013 12"},"content":{"rendered":"<p>[et_pb_section fb_built=&#8221;1&#8243; admin_label=&#8221;section&#8221; _builder_version=&#8221;4.16&#8243; global_colors_info=&#8221;{}&#8221;][et_pb_row admin_label=&#8221;row&#8221; _builder_version=&#8221;4.16&#8243; background_size=&#8221;initial&#8221; background_position=&#8221;top_left&#8221; background_repeat=&#8221;repeat&#8221; global_colors_info=&#8221;{}&#8221;][et_pb_column type=&#8221;4_4&#8243; _builder_version=&#8221;4.16&#8243; custom_padding=&#8221;|||&#8221; global_colors_info=&#8221;{}&#8221; custom_padding__hover=&#8221;|||&#8221;][lwp_divi_breadcrumbs _builder_version=&#8221;4.21.0&#8243; _module_preset=&#8221;default&#8221; global_colors_info=&#8221;{}&#8221;][\/lwp_divi_breadcrumbs][\/et_pb_column][\/et_pb_row][et_pb_row column_structure=&#8221;3_5,2_5&#8243; _builder_version=&#8221;4.21.0&#8243; _module_preset=&#8221;default&#8221; global_colors_info=&#8221;{}&#8221;][et_pb_column type=&#8221;3_5&#8243; _builder_version=&#8221;4.21.0&#8243; _module_preset=&#8221;default&#8221; global_colors_info=&#8221;{}&#8221;][et_pb_image src=&#8221;https:\/\/time-to-run.fi\/crwp\/wp-content\/uploads\/sites\/4\/2025\/06\/1.jpg&#8221; alt=&#8221;Tallinn 21km Harjoitus Taso 1&#8243; title_text=&#8221;1&#8243; _builder_version=&#8221;4.27.4&#8243; _module_preset=&#8221;default&#8221; global_colors_info=&#8221;{}&#8221;][\/et_pb_image][\/et_pb_column][et_pb_column type=&#8221;2_5&#8243; _builder_version=&#8221;4.21.0&#8243; _module_preset=&#8221;default&#8221; global_colors_info=&#8221;{}&#8221;][et_pb_text _builder_version=&#8221;4.27.4&#8243; _module_preset=&#8221;default&#8221; global_colors_info=&#8221;{}&#8221;]<a href=\"https:\/\/www.jooks.ee\/en\/tallinn-marathon\/\" target=\"_blank\" rel=\"noopener\"><img data-recalc-dims=\"1\" decoding=\"async\" src=\"https:\/\/i0.wp.com\/www.time-to-run.com\/suomi\/wp-content\/uploads\/2025\/05\/tallinnmarathon.2025.4.png?w=1080&#038;ssl=1\" \/><\/a>[\/et_pb_text][\/et_pb_column][\/et_pb_row][et_pb_row admin_label=&#8221;row&#8221; _builder_version=&#8221;4.16&#8243; background_size=&#8221;initial&#8221; background_position=&#8221;top_left&#8221; background_repeat=&#8221;repeat&#8221; global_colors_info=&#8221;{}&#8221;][et_pb_column type=&#8221;4_4&#8243; _builder_version=&#8221;4.16&#8243; custom_padding=&#8221;|||&#8221; global_colors_info=&#8221;{}&#8221; custom_padding__hover=&#8221;|||&#8221;][et_pb_text _builder_version=&#8221;4.25.2&#8243; _module_preset=&#8221;default&#8221; global_colors_info=&#8221;{}&#8221;]<\/p>\n<h3>Harjoittele kohti Tallinnan puolimaratonia Time-to-Runin puolimaratonohjelmalla Taso 1 viikot 9 &#8211; 12<\/h3>\n<p><strong>TASO 1<\/strong> ohjelma on tarkoitettu sinulle, jos tavoitteesi on p\u00e4\u00e4st\u00e4 puolimaraton maaliin ilman aikatavoitetta k\u00e4vellen ja\/tai juosten. Ohjelma etenee niin, ett\u00e4 ensiksi tavoitteena on juosta 5 km, jonka j\u00e4lkeen tavoitellaan 10 km matkaa. Ohjelman kahden viimeisen viikon aikana sin\u00e4 p\u00e4\u00e4t\u00e4t kuinka paljon haluat juosta ja kuinka paljon haluat k\u00e4vell\u00e4. T\u00e4m\u00e4n ohjelma valmistaa sinut puolimaratonille ja sen avulla p\u00e4\u00e4set maaliin asti.<br \/>\n[\/et_pb_text][et_pb_text _builder_version=&#8221;4.25.2&#8243; _module_preset=&#8221;default&#8221; global_colors_info=&#8221;{}&#8221;]<\/p>\n<h4><strong>OHJELMAN SELITYKSET<\/strong><\/h4>\n<p><strong>Vauhtik\u00e4vely<\/strong> \u2013 Vauhtik\u00e4velyss\u00e4 saavutetaan maksiminopeus nostamatta molempia jalkoja maasta samaan aikaan. Yhden jalan tulee aina pysy\u00e4 maassa. Jos nostat molemmat jalat maasta, laji vaihtuu juoksemiseksi \u2013 se ei ole tarkoitus. Pyri saamaan mukava rytmi p\u00e4\u00e4lle, heiluta k\u00e4si\u00e4si tahdissa taivutettuina noin 45 asteen kulmaan. K\u00e4velysi tehon m\u00e4\u00e4r\u00e4\u00e4 k\u00e4sien liike, ei jalkojen liike, joten heiluta k\u00e4si\u00e4si sit\u00e4 vauhtia kuin haluaisit jalkojesi liikkuvan.<\/p>\n<p><strong>LEPO = ei liikuntaa<\/strong> \u2013 Huomioi, ett\u00e4 kehittyess\u00e4si voit lepop\u00e4ivin\u00e4 harkita voimaharjoituksia yl\u00e4vartalolle ja koko kehon venyttely\u00e4 palautumisen edist\u00e4miseksi.<\/p>\n<p><strong>Aktiivinen palautus<\/strong> &#8211; N\u00e4in\u00e4 p\u00e4ivin\u00e4 on tarkoitus tehd\u00e4 ei painoasi kantavaa liikuntaa palautukseen. Jos olet kokenut py\u00f6r\u00e4ilij\u00e4, voit k\u00e4ytt\u00e4\u00e4 py\u00f6r\u00e4ily\u00e4 aktiiviseen palautukseen. Py\u00f6r\u00e4ilyll\u00e4 voi kuitenkin olla p\u00e4invastainen vaikutus juoksuun, jos kaikki ei ole kunnossa satulan korkeuden, ajoasennon, vastuksen, yms. suhteen. Aktiivisen palautuksen aikana on tarkoitus palautua, joten esim. uinti on usein parempi vaihtoehto.<\/p>\n<p><strong>Juoksu<\/strong> \u2013 molemmat jalat nousevat irti maasta, vauhtia ei tarvitse mietti\u00e4, tarkoituksena on viett\u00e4\u00e4 aikaa jaloilla ja totuttaa keho oman painon kantavaan liikuntaan. Juokset oman fiiliksen mukaan. Muista kuitenkin aloittaa rauhallisesti. Kevyt juoksu voidaan mielt\u00e4\u00e4 niin sanottuna h\u00f6lkk\u00e4n\u00e4. Hyv\u00e4 mittari kevyeen juoksuun on puhetesti. Jos et pysty puhumaan kenellek\u00e4\u00e4n juostessasi, juokset liian kovaa. Hidasta siis puhumaan.<\/p>\n<p><strong>Parkrun<\/strong> &#8211; Ilmainen tapahtuma, jossa voi k\u00e4vell\u00e4, h\u00f6lk\u00e4t\u00e4 tai juosta. Matka on aina 5 km ja tapahtuma j\u00e4rjestet\u00e4\u00e4n joka lauantaiaamu. Tapahtuma on ilmainen ja sinun t\u00e4ytyy vain rekister\u00f6ity\u00e4 kerran. Suomessa on t\u00e4ll\u00e4 hetkell\u00e4 7 parkrun -tapahtumaa ja voit osallistua mihin tahansa n\u00e4ist\u00e4. Tapahtumat l\u00f6ytyv\u00e4t paikoista Helsinki, Espoo, Lahti, V\u00e4\u00e4ksy, Tampere, Jyv\u00e4skyl\u00e4 ja Oulu. Lis\u00e4\u00e4 tietoa ja rekister\u00f6ityminen <a title=\"ParkRun Suomi\" href=\"http:\/\/www.parkrun.fi\" target=\"_blank\" rel=\"noopener\">www.parkrun.fi<\/a><br \/>\n[\/et_pb_text][et_pb_text _builder_version=&#8221;4.25.2&#8243; _module_preset=&#8221;default&#8221; global_colors_info=&#8221;{}&#8221;]\n<table id=\"tablepress-1c\" class=\"tablepress tablepress-id-1c\">\n<thead>\n<tr class=\"row-1\">\n\t<th class=\"column-1\">P\u00e4iv\u00e4<\/th><th class=\"column-2\">Nro<\/th><th class=\"column-3\">Harjoitus <\/th>\n<\/tr>\n<\/thead>\n<tbody class=\"row-striping row-hover\">\n<tr class=\"row-2\">\n\t<td class=\"column-1\">Ma<\/td><td class=\"column-2\">57<\/td><td class=\"column-3\">20 min kevyt juoksu \t<\/td>\n<\/tr>\n<tr class=\"row-3\">\n\t<td class=\"column-1\">Ti<\/td><td class=\"column-2\">58<\/td><td class=\"column-3\">10 min vauhtik\u00e4vely + 40 min kevyt juoksu + 10 min vauhtik\u00e4vely<\/td>\n<\/tr>\n<tr class=\"row-4\">\n\t<td class=\"column-1\">Ke<\/td><td class=\"column-2\">59<\/td><td class=\"column-3\">LEPO<\/td>\n<\/tr>\n<tr class=\"row-5\">\n\t<td class=\"column-1\">To<\/td><td class=\"column-2\">60<\/td><td class=\"column-3\">20 min kevyt juoksu<br \/>\n<\/td>\n<\/tr>\n<tr class=\"row-6\">\n\t<td class=\"column-1\">Pe<\/td><td class=\"column-2\">61<\/td><td class=\"column-3\">LEPO<\/td>\n<\/tr>\n<tr class=\"row-7\">\n\t<td class=\"column-1\">La<\/td><td class=\"column-2\">62<\/td><td class=\"column-3\">10 km fiiliksen mukaan<\/td>\n<\/tr>\n<tr class=\"row-8\">\n\t<td class=\"column-1\">Su<\/td><td class=\"column-2\">63<\/td><td class=\"column-3\">LEPO<\/td>\n<\/tr>\n<tr class=\"row-9\">\n\t<td class=\"column-1\"><\/td><td class=\"column-2\"><\/td><td class=\"column-3\"><\/td>\n<\/tr>\n<tr class=\"row-10\">\n\t<td class=\"column-1\">Ma<\/td><td class=\"column-2\">64<\/td><td class=\"column-3\">30 min vauhtik\u00e4vely \t<br \/>\n<\/td>\n<\/tr>\n<tr class=\"row-11\">\n\t<td class=\"column-1\">Ti<\/td><td class=\"column-2\">65<\/td><td class=\"column-3\">1 h vauhtik\u00e4vely<\/td>\n<\/tr>\n<tr class=\"row-12\">\n\t<td class=\"column-1\">Ke<\/td><td class=\"column-2\">66<\/td><td class=\"column-3\">LEPO \t<\/td>\n<\/tr>\n<tr class=\"row-13\">\n\t<td class=\"column-1\">To<\/td><td class=\"column-2\">67<\/td><td class=\"column-3\">40 min k\u00e4vely\/juoksu fiiliksen mukaan<br \/>\n<\/td>\n<\/tr>\n<tr class=\"row-14\">\n\t<td class=\"column-1\">Pe<\/td><td class=\"column-2\">68<\/td><td class=\"column-3\">LEPO<\/td>\n<\/tr>\n<tr class=\"row-15\">\n\t<td class=\"column-1\">La<\/td><td class=\"column-2\">69<\/td><td class=\"column-3\">2 h vauhtik\u00e4vely\/juoksu\t<\/td>\n<\/tr>\n<tr class=\"row-16\">\n\t<td class=\"column-1\">Su<\/td><td class=\"column-2\">70<\/td><td class=\"column-3\">LEPO<\/td>\n<\/tr>\n<tr class=\"row-17\">\n\t<td class=\"column-1\"><\/td><td class=\"column-2\"><\/td><td class=\"column-3\"><\/td>\n<\/tr>\n<tr class=\"row-18\">\n\t<td class=\"column-1\">Ma<\/td><td class=\"column-2\">71<\/td><td class=\"column-3\">Aktiivinen palautus (uinti, venyttely, yl\u00e4kehon lihaskunto)<\/td>\n<\/tr>\n<tr class=\"row-19\">\n\t<td class=\"column-1\">Ti<\/td><td class=\"column-2\">72<\/td><td class=\"column-3\">1 h vauhtik\u00e4vely<\/td>\n<\/tr>\n<tr class=\"row-20\">\n\t<td class=\"column-1\">Ke<\/td><td class=\"column-2\">73<\/td><td class=\"column-3\">LEPO<\/td>\n<\/tr>\n<tr class=\"row-21\">\n\t<td class=\"column-1\">To<\/td><td class=\"column-2\">74<\/td><td class=\"column-3\">1 h k\u00e4vely\/juoksu fiiliksen mukaan<\/td>\n<\/tr>\n<tr class=\"row-22\">\n\t<td class=\"column-1\">Pe<\/td><td class=\"column-2\">75<\/td><td class=\"column-3\">LEPO<\/td>\n<\/tr>\n<tr class=\"row-23\">\n\t<td class=\"column-1\">La<\/td><td class=\"column-2\">76<\/td><td class=\"column-3\">40 min vauhtik\u00e4vely\/juoksu\t<\/td>\n<\/tr>\n<tr class=\"row-24\">\n\t<td class=\"column-1\">Su<\/td><td class=\"column-2\">77<\/td><td class=\"column-3\">LEPO<\/td>\n<\/tr>\n<tr class=\"row-25\">\n\t<td class=\"column-1\"><\/td><td class=\"column-2\"><\/td><td class=\"column-3\"><\/td>\n<\/tr>\n<tr class=\"row-26\">\n\t<td class=\"column-1\">Ma<\/td><td class=\"column-2\">78<\/td><td class=\"column-3\">30 min vauhtik\u00e4vely\/juoksu<br \/>\n<\/td>\n<\/tr>\n<tr class=\"row-27\">\n\t<td class=\"column-1\">Ti<\/td><td class=\"column-2\">79<\/td><td class=\"column-3\">20 min vauhtik\u00e4vely\/juoksu<br \/>\n<\/td>\n<\/tr>\n<tr class=\"row-28\">\n\t<td class=\"column-1\">Ke<\/td><td class=\"column-2\">80<\/td><td class=\"column-3\">LEPO<\/td>\n<\/tr>\n<tr class=\"row-29\">\n\t<td class=\"column-1\">To<\/td><td class=\"column-2\">81<\/td><td class=\"column-3\">20 min k\u00e4vely\/juoksu<br \/>\n<\/td>\n<\/tr>\n<tr class=\"row-30\">\n\t<td class=\"column-1\">Pe<\/td><td class=\"column-2\">82<\/td><td class=\"column-3\">LEPO<\/td>\n<\/tr>\n<tr class=\"row-31\">\n\t<td class=\"column-1\">La<\/td><td class=\"column-2\">83<\/td><td class=\"column-3\">Tallinna 21 km<\/td>\n<\/tr>\n<tr class=\"row-32\">\n\t<td class=\"column-1\">Su<\/td><td class=\"column-2\">84<\/td><td class=\"column-3\">LEPO<\/td>\n<\/tr>\n<\/tbody>\n<tfoot>\n<tr class=\"row-33\">\n\t<td class=\"column-1\"><\/td><td class=\"column-2\"><\/td><td class=\"column-3\"><\/td>\n<\/tr>\n<\/tfoot>\n<\/table>\n<!-- #tablepress-1c from cache --><\/p>\n<p>Alkuun <a title=\"Tallinna puolimaraton \u2013 Taso 1 Viikot 1 \u2013 4\" href=\"https:\/\/time-to-run.fi\/crwp\/tallinna\/harjoitus\/taso-1-viikot-1-4\/\" target=\"_blank\" rel=\"noopener\">Tallinna puolimaraton \u2013 Taso 1 Viikot 1 \u2013 4<\/a><br \/>\n[\/et_pb_text][et_pb_text _builder_version=&#8221;4.27.4&#8243; _module_preset=&#8221;default&#8221; global_colors_info=&#8221;{}&#8221;]<a title=\"Tallinn-21k-taso-1.pdf\" href=\"https:\/\/time-to-run.fi\/ee\/TallinnaMaraton-2024-taso1.pdf\" target=\"_blank\" rel=\"noopener\"><img data-recalc-dims=\"1\" loading=\"lazy\" decoding=\"async\" class=\"wp-image-261 alignnone size-full\" src=\"https:\/\/i0.wp.com\/time-to-run.fi\/crwp\/wp-content\/uploads\/sites\/4\/2023\/06\/pdf-file-130-e1687186628649.png?resize=30%2C30&#038;ssl=1\" alt=\"pdf file\" width=\"30\" height=\"30\" \/><\/a> <a href=\"https:\/\/time-to-run.fi\/crwp\/wp-content\/uploads\/sites\/4\/2025\/06\/Tallinna-puolimaraton-ohjelma-taso-1-.pdf\" rel=\"attachment wp-att-1676\">Tallinna puolimaraton &#8211; ohjelma taso 1<\/a><br \/>\n[\/et_pb_text][\/et_pb_column][\/et_pb_row][\/et_pb_section]<\/p>\n","protected":false},"excerpt":{"rendered":"<p><div class=\"et_pb_module lwp_divi_breadcrumbs lwp_divi_breadcrumbs_0\">\n\t\t\t\t\n\t\t\t\t\n\t\t\t\t\n\t\t\t\t\n\t\t\t\t\n\t\t\t\t\n\t\t\t\t<div class=\"et_pb_module_inner\">\n\t\t\t\t\t<div class=\"lwp-breadcrumbs\"> <span class=\"before\"><\/span> <span vocab=\"https:\/\/schema.org\/\" typeof=\"BreadcrumbList\"><span property=\"itemListElement\" typeof=\"ListItem\"><a property=\"item\" typeof=\"WebPage\" href=\"https:\/\/time-to-run.fi\/crwp\/\" class=\"home\"><span property=\"name\">Home<\/span><\/a><meta property=\"position\" content=\"1\"><\/span> <span class=\"separator et-pb-icon\">&#x39;<\/span> <\/span><\/div>\n\t\t\t\t<\/div>\n\t\t\t<\/div>Harjoittele kohti Tallinnan puolimaratonia Time-to-Runin puolimaratonohjelmalla Taso 1 viikot 9 &#8211; 12 TASO 1 ohjelma on tarkoitettu sinulle, jos tavoitteesi on p\u00e4\u00e4st\u00e4 puolimaraton maaliin ilman aikatavoitetta k\u00e4vellen ja\/tai juosten. Ohjelma etenee niin, ett\u00e4 ensiksi tavoitteena on juosta 5 km, jonka j\u00e4lkeen tavoitellaan 10 km matkaa. Ohjelman kahden viimeisen viikon aikana sin\u00e4 p\u00e4\u00e4t\u00e4t [&hellip;]<\/p>\n","protected":false},"author":1,"featured_media":0,"parent":0,"menu_order":0,"comment_status":"closed","ping_status":"closed","template":"","meta":{"_et_pb_use_builder":"on","_et_pb_old_content":"<p>[et_pb_section fb_built=\"1\" admin_label=\"section\" _builder_version=\"4.16\" global_colors_info=\"{}\"][et_pb_row admin_label=\"row\" _builder_version=\"4.16\" background_size=\"initial\" background_position=\"top_left\" background_repeat=\"repeat\" global_colors_info=\"{}\"][et_pb_column type=\"4_4\" _builder_version=\"4.16\" custom_padding=\"|||\" global_colors_info=\"{}\" custom_padding__hover=\"|||\"][lwp_divi_breadcrumbs _builder_version=\"4.21.0\" _module_preset=\"default\" global_colors_info=\"{}\"][\/lwp_divi_breadcrumbs][\/et_pb_column][\/et_pb_row][et_pb_row column_structure=\"3_5,2_5\" _builder_version=\"4.21.0\" _module_preset=\"default\" global_colors_info=\"{}\"][et_pb_column type=\"3_5\" _builder_version=\"4.21.0\" _module_preset=\"default\" global_colors_info=\"{}\"][et_pb_image src=\"https:\/\/time-to-run.fi\/crwp\/wp-content\/uploads\/sites\/4\/2025\/06\/1.jpg\" alt=\"Tallinn 21km Harjoitus Taso 1\" title_text=\"1\" _builder_version=\"4.27.4\" _module_preset=\"default\" global_colors_info=\"{}\"][\/et_pb_image][\/et_pb_column][et_pb_column type=\"2_5\" _builder_version=\"4.21.0\" _module_preset=\"default\" global_colors_info=\"{}\"][et_pb_text _builder_version=\"4.27.4\" _module_preset=\"default\" hover_enabled=\"0\" global_colors_info=\"{}\" sticky_enabled=\"0\"]<a href=\"https:\/\/www.jooks.ee\/en\/tallinn-marathon\/\" target=\"_blank\" rel=\"noopener\"><img src=\"https:\/\/www.time-to-run.com\/suomi\/wp-content\/uploads\/2025\/05\/tallinnmarathon.2025.4.png\" \/><\/a>[\/et_pb_text][\/et_pb_column][\/et_pb_row][et_pb_row admin_label=\"row\" _builder_version=\"4.16\" background_size=\"initial\" background_position=\"top_left\" background_repeat=\"repeat\" global_colors_info=\"{}\"][et_pb_column type=\"4_4\" _builder_version=\"4.16\" custom_padding=\"|||\" global_colors_info=\"{}\" custom_padding__hover=\"|||\"][et_pb_text _builder_version=\"4.25.2\" _module_preset=\"default\" global_colors_info=\"{}\"]<\/p><h3>Harjoittele kohti Tallinnan puolimaratonia Time-to-Runin puolimaratonohjelmalla Taso 1 viikot 9 - 12<\/h3><p><strong>TASO 1<\/strong> ohjelma on tarkoitettu sinulle, jos tavoitteesi on p\u00e4\u00e4st\u00e4 puolimaraton maaliin ilman aikatavoitetta k\u00e4vellen ja\/tai juosten. Ohjelma etenee niin, ett\u00e4 ensiksi tavoitteena on juosta 5 km, jonka j\u00e4lkeen tavoitellaan 10 km matkaa. Ohjelman kahden viimeisen viikon aikana sin\u00e4 p\u00e4\u00e4t\u00e4t kuinka paljon haluat juosta ja kuinka paljon haluat k\u00e4vell\u00e4. T\u00e4m\u00e4n ohjelma valmistaa sinut puolimaratonille ja sen avulla p\u00e4\u00e4set maaliin asti.<\/p><p>[\/et_pb_text][et_pb_text _builder_version=\"4.25.2\" _module_preset=\"default\" global_colors_info=\"{}\"]<\/p><h4><strong>OHJELMAN SELITYKSET<\/strong><\/h4><p><strong>Vauhtik\u00e4vely<\/strong> \u2013 Vauhtik\u00e4velyss\u00e4 saavutetaan maksiminopeus nostamatta molempia jalkoja maasta samaan aikaan. Yhden jalan tulee aina pysy\u00e4 maassa. Jos nostat molemmat jalat maasta, laji vaihtuu juoksemiseksi \u2013 se ei ole tarkoitus. Pyri saamaan mukava rytmi p\u00e4\u00e4lle, heiluta k\u00e4si\u00e4si tahdissa taivutettuina noin 45 asteen kulmaan. K\u00e4velysi tehon m\u00e4\u00e4r\u00e4\u00e4 k\u00e4sien liike, ei jalkojen liike, joten heiluta k\u00e4si\u00e4si sit\u00e4 vauhtia kuin haluaisit jalkojesi liikkuvan.<\/p><p><strong>LEPO = ei liikuntaa<\/strong> \u2013 Huomioi, ett\u00e4 kehittyess\u00e4si voit lepop\u00e4ivin\u00e4 harkita voimaharjoituksia yl\u00e4vartalolle ja koko kehon venyttely\u00e4 palautumisen edist\u00e4miseksi.<\/p><p><strong>Aktiivinen palautus<\/strong> - N\u00e4in\u00e4 p\u00e4ivin\u00e4 on tarkoitus tehd\u00e4 ei painoasi kantavaa liikuntaa palautukseen. Jos olet kokenut py\u00f6r\u00e4ilij\u00e4, voit k\u00e4ytt\u00e4\u00e4 py\u00f6r\u00e4ily\u00e4 aktiiviseen palautukseen. Py\u00f6r\u00e4ilyll\u00e4 voi kuitenkin olla p\u00e4invastainen vaikutus juoksuun, jos kaikki ei ole kunnossa satulan korkeuden, ajoasennon, vastuksen, yms. suhteen. Aktiivisen palautuksen aikana on tarkoitus palautua, joten esim. uinti on usein parempi vaihtoehto.<\/p><p><strong>Juoksu<\/strong> \u2013 molemmat jalat nousevat irti maasta, vauhtia ei tarvitse mietti\u00e4, tarkoituksena on viett\u00e4\u00e4 aikaa jaloilla ja totuttaa keho oman painon kantavaan liikuntaan. Juokset oman fiiliksen mukaan. Muista kuitenkin aloittaa rauhallisesti. Kevyt juoksu voidaan mielt\u00e4\u00e4 niin sanottuna h\u00f6lkk\u00e4n\u00e4. Hyv\u00e4 mittari kevyeen juoksuun on puhetesti. Jos et pysty puhumaan kenellek\u00e4\u00e4n juostessasi, juokset liian kovaa. Hidasta siis puhumaan.<\/p><p><strong>Parkrun<\/strong> - Ilmainen tapahtuma, jossa voi k\u00e4vell\u00e4, h\u00f6lk\u00e4t\u00e4 tai juosta. Matka on aina 5 km ja tapahtuma j\u00e4rjestet\u00e4\u00e4n joka lauantaiaamu. Tapahtuma on ilmainen ja sinun t\u00e4ytyy vain rekister\u00f6ity\u00e4 kerran. Suomessa on t\u00e4ll\u00e4 hetkell\u00e4 7 parkrun -tapahtumaa ja voit osallistua mihin tahansa n\u00e4ist\u00e4. Tapahtumat l\u00f6ytyv\u00e4t paikoista Helsinki, Espoo, Lahti, V\u00e4\u00e4ksy, Tampere, Jyv\u00e4skyl\u00e4 ja Oulu. Lis\u00e4\u00e4 tietoa ja rekister\u00f6ityminen <a title=\"ParkRun Suomi\" href=\"http:\/\/www.parkrun.fi\" target=\"_blank\" rel=\"noopener\">www.parkrun.fi<\/a><\/p><p>[\/et_pb_text][et_pb_text _builder_version=\"4.25.2\" _module_preset=\"default\" global_colors_info=\"{}\"]<\/p><p>[table id=1c \/]<\/p><p>Alkuun <a title=\"Tallinna puolimaraton \u2013 Taso 1 Viikot 1 \u2013 4\" href=\"https:\/\/time-to-run.fi\/crwp\/tallinna\/harjoitus\/taso-1-viikot-1-4\/\" target=\"_blank\" rel=\"noopener\">Tallinna puolimaraton \u2013 Taso 1 Viikot 1 \u2013 4<\/a><\/p><p>[\/et_pb_text][et_pb_text _builder_version=\"4.27.4\" _module_preset=\"default\" global_colors_info=\"{}\"]<\/p><p><a title=\"Tallinn-21k-taso-1.pdf\" href=\"https:\/\/time-to-run.fi\/ee\/TallinnaMaraton-2024-taso1.pdf\" target=\"_blank\" rel=\"noopener\"><img class=\"wp-image-261 alignnone size-full\" src=\"https:\/\/time-to-run.fi\/crwp\/wp-content\/uploads\/sites\/4\/2023\/06\/pdf-file-130-e1687186628649.png\" alt=\"pdf file\" width=\"30\" height=\"30\" \/><\/a> <a href=\"https:\/\/time-to-run.fi\/crwp\/wp-content\/uploads\/sites\/4\/2025\/06\/Tallinna-puolimaraton-ohjelma-taso-1-.pdf\" rel=\"attachment wp-att-1676\">Tallinna puolimaraton - ohjelma taso 1<\/a><\/p><p>[\/et_pb_text][\/et_pb_column][\/et_pb_row][\/et_pb_section]<\/p>","_et_gb_content_width":"","advanced_seo_description":"","jetpack_seo_html_title":"","jetpack_seo_noindex":false,"footnotes":""},"categories":[4,3],"tags":[5,6],"class_list":["post-177","page","type-page","status-publish","hentry","category-harjoitus","category-tallinna","tag-puolimaratonohjelma","tag-tallinna"],"jetpack-related-posts":[],"_links":{"self":[{"href":"https:\/\/time-to-run.fi\/crwp\/wp-json\/wp\/v2\/pages\/177","targetHints":{"allow":["GET"]}}],"collection":[{"href":"https:\/\/time-to-run.fi\/crwp\/wp-json\/wp\/v2\/pages"}],"about":[{"href":"https:\/\/time-to-run.fi\/crwp\/wp-json\/wp\/v2\/types\/page"}],"author":[{"embeddable":true,"href":"https:\/\/time-to-run.fi\/crwp\/wp-json\/wp\/v2\/users\/1"}],"replies":[{"embeddable":true,"href":"https:\/\/time-to-run.fi\/crwp\/wp-json\/wp\/v2\/comments?post=177"}],"version-history":[{"count":17,"href":"https:\/\/time-to-run.fi\/crwp\/wp-json\/wp\/v2\/pages\/177\/revisions"}],"predecessor-version":[{"id":1713,"href":"https:\/\/time-to-run.fi\/crwp\/wp-json\/wp\/v2\/pages\/177\/revisions\/1713"}],"wp:attachment":[{"href":"https:\/\/time-to-run.fi\/crwp\/wp-json\/wp\/v2\/media?parent=177"}],"wp:term":[{"taxonomy":"category","embeddable":true,"href":"https:\/\/time-to-run.fi\/crwp\/wp-json\/wp\/v2\/categories?post=177"},{"taxonomy":"post_tag","embeddable":true,"href":"https:\/\/time-to-run.fi\/crwp\/wp-json\/wp\/v2\/tags?post=177"}],"curies":[{"name":"wp","href":"https:\/\/api.w.org\/{rel}","templated":true}]}}